{"id":547,"date":"2025-09-30T07:47:40","date_gmt":"2025-09-30T07:47:40","guid":{"rendered":"https:\/\/secufersarl.ch\/spezialisierte-schulungen\/"},"modified":"2025-10-13T15:39:33","modified_gmt":"2025-10-13T15:39:33","slug":"spezialisierte-schulungen","status":"publish","type":"page","link":"https:\/\/secufersarl.ch\/de\/spezialisierte-schulungen\/","title":{"rendered":"Spezialisierte Schulungen"},"content":{"rendered":"\t\t<div data-elementor-type=\"wp-page\" data-elementor-id=\"547\" class=\"elementor elementor-547\" data-elementor-post-type=\"page\">\n\t\t\t\t\t\t<section class=\"elementor-section elementor-top-section elementor-element elementor-element-c2ebdad elementor-section-boxed elementor-section-height-default elementor-section-height-default\" data-id=\"c2ebdad\" data-element_type=\"section\" data-e-type=\"section\" data-settings=\"{&quot;background_background&quot;:&quot;classic&quot;}\">\n\t\t\t\t\t\t\t<div class=\"elementor-background-overlay\"><\/div>\n\t\t\t\t\t\t\t<div class=\"elementor-container elementor-column-gap-default\">\n\t\t\t\t\t<div class=\"elementor-column elementor-col-50 elementor-top-column elementor-element elementor-element-90aa68e\" data-id=\"90aa68e\" data-element_type=\"column\" data-e-type=\"column\">\n\t\t\t<div class=\"elementor-widget-wrap elementor-element-populated\">\n\t\t\t\t\t\t<div class=\"elementor-element elementor-element-13af048 elementor-widget elementor-widget-heading\" data-id=\"13af048\" data-element_type=\"widget\" data-e-type=\"widget\" data-widget_type=\"heading.default\">\n\t\t\t\t\t<h3 class=\"elementor-heading-title elementor-size-default\">Schulungen zur Eisenbahnsicherheit<\/h3>\t\t\t\t<\/div>\n\t\t\t\t<div class=\"elementor-element elementor-element-3e14e57 elementor-widget-divider--view-line elementor-widget elementor-widget-divider\" data-id=\"3e14e57\" data-element_type=\"widget\" data-e-type=\"widget\" data-widget_type=\"divider.default\">\n\t\t\t\t\t\t\t<div class=\"elementor-divider\">\n\t\t\t<span class=\"elementor-divider-separator\">\n\t\t\t\t\t\t<\/span>\n\t\t<\/div>\n\t\t\t\t\t\t<\/div>\n\t\t\t\t<div class=\"elementor-element elementor-element-0e45f64 elementor-widget elementor-widget-text-editor\" data-id=\"0e45f64\" data-element_type=\"widget\" data-e-type=\"widget\" data-widget_type=\"text-editor.default\">\n\t\t\t\t\t\t\t\t\t<p class=\"p1\">Zertifizierte Programme zur St\u00e4rkung Ihrer F\u00e4higkeiten und zur Gew\u00e4hrleistung der Sicherheit<\/p>\t\t\t\t\t\t\t\t<\/div>\n\t\t\t\t<div class=\"elementor-element elementor-element-fb21f99 elementor-mobile-align-justify elementor-widget elementor-widget-button\" data-id=\"fb21f99\" data-element_type=\"widget\" data-e-type=\"widget\" data-widget_type=\"button.default\">\n\t\t\t\t\t\t\t\t\t\t<a class=\"elementor-button elementor-button-link elementor-size-sm\" href=\"https:\/\/secufersarl.ch\/de\/kontaktieren-sie-uns\/\">\n\t\t\t\t\t\t<span class=\"elementor-button-content-wrapper\">\n\t\t\t\t\t\t\t\t\t<span class=\"elementor-button-text\">Fordern Sie ein kostenloses Angebot an<\/span>\n\t\t\t\t\t<\/span>\n\t\t\t\t\t<\/a>\n\t\t\t\t\t\t\t\t<\/div>\n\t\t\t\t\t<\/div>\n\t\t<\/div>\n\t\t\t\t<div class=\"elementor-column elementor-col-50 elementor-top-column elementor-element elementor-element-89306ef\" data-id=\"89306ef\" data-element_type=\"column\" data-e-type=\"column\">\n\t\t\t<div class=\"elementor-widget-wrap\">\n\t\t\t\t\t\t\t<\/div>\n\t\t<\/div>\n\t\t\t\t\t<\/div>\n\t\t<\/section>\n\t\t\t\t<section class=\"elementor-section elementor-top-section elementor-element elementor-element-e3ee2db elementor-section-boxed elementor-section-height-default elementor-section-height-default\" data-id=\"e3ee2db\" data-element_type=\"section\" data-e-type=\"section\">\n\t\t\t\t\t\t<div class=\"elementor-container elementor-column-gap-default\">\n\t\t\t\t\t<div class=\"elementor-column elementor-col-100 elementor-top-column elementor-element elementor-element-f833b75\" data-id=\"f833b75\" data-element_type=\"column\" data-e-type=\"column\">\n\t\t\t<div class=\"elementor-widget-wrap elementor-element-populated\">\n\t\t\t\t\t\t<div class=\"elementor-element elementor-element-c2a3c1b elementor-widget elementor-widget-heading\" data-id=\"c2a3c1b\" data-element_type=\"widget\" data-e-type=\"widget\" data-widget_type=\"heading.default\">\n\t\t\t\t\t<h2 class=\"elementor-heading-title elementor-size-default\">Wozu dienen unsere Schulungen zur Eisenbahnsicherheit?<\/h2>\t\t\t\t<\/div>\n\t\t\t\t<div class=\"elementor-element elementor-element-40fc0af elementor-widget elementor-widget-text-editor\" data-id=\"40fc0af\" data-element_type=\"widget\" data-e-type=\"widget\" data-widget_type=\"text-editor.default\">\n\t\t\t\t\t\t\t\t\t<p class=\"p1\">Schulungen zur Eisenbahnsicherheit bereiten Ihr Team auf die strengen Anforderungen von Eisenbahnbaustellen vor. Sie gew\u00e4hrleisten die Beherrschung der Verfahren, das Verst\u00e4ndnis der SBB- und SUVA-Normen sowie die F\u00e4higkeit, in kritischen Situationen wirksam zu reagieren. Diese speziellen Schulungen werden von zertifizierten Experten mit einem theoretischen und praktischen Ansatz durchgef\u00fchrt.<\/p>\t\t\t\t\t\t\t\t<\/div>\n\t\t\t\t\t<\/div>\n\t\t<\/div>\n\t\t\t\t\t<\/div>\n\t\t<\/section>\n\t\t<div class=\"elementor-element elementor-element-7834a5c e-flex e-con-boxed e-con e-parent\" data-id=\"7834a5c\" data-element_type=\"container\" data-e-type=\"container\">\n\t\t\t\t\t<div class=\"e-con-inner\">\n\t\t\t\t<div class=\"elementor-element elementor-element-f3de80a elementor-widget elementor-widget-heading\" data-id=\"f3de80a\" data-element_type=\"widget\" data-e-type=\"widget\" data-widget_type=\"heading.default\">\n\t\t\t\t\t<h2 class=\"elementor-heading-title elementor-size-default\">Seine Kernkompetenzen<\/h2>\t\t\t\t<\/div>\n\t\t<div class=\"elementor-element elementor-element-28108d4 e-con-full e-flex e-con e-child\" data-id=\"28108d4\" data-element_type=\"container\" data-e-type=\"container\">\n\t\t<div class=\"elementor-element elementor-element-b4e448d e-con-full e-flex e-con e-child\" data-id=\"b4e448d\" data-element_type=\"container\" data-e-type=\"container\" data-settings=\"{&quot;background_background&quot;:&quot;classic&quot;}\">\n\t\t\t\t<div class=\"elementor-element elementor-element-b1fa745 elementor-widget elementor-widget-heading\" data-id=\"b1fa745\" data-element_type=\"widget\" data-e-type=\"widget\" data-widget_type=\"heading.default\">\n\t\t\t\t\t<h2 class=\"elementor-heading-title elementor-size-default\">Ausbildung zum Sicherheitsbeauftragten<\/h2>\t\t\t\t<\/div>\n\t\t\t\t<div class=\"elementor-element elementor-element-145eee2 elementor-widget elementor-widget-text-editor\" data-id=\"145eee2\" data-element_type=\"widget\" data-e-type=\"widget\" data-widget_type=\"text-editor.default\">\n\t\t\t\t\t\t\t\t\t<p class=\"p1\">Vorbereitung auf die Rolle des Eisenbahnsicherheitsleiters mit offizieller Zertifizierung.<\/p>\t\t\t\t\t\t\t\t<\/div>\n\t\t\t\t<\/div>\n\t\t<div class=\"elementor-element elementor-element-2539d10 e-con-full e-flex e-con e-child\" data-id=\"2539d10\" data-element_type=\"container\" data-e-type=\"container\" data-settings=\"{&quot;background_background&quot;:&quot;classic&quot;}\">\n\t\t\t\t<div class=\"elementor-element elementor-element-14bcf24 elementor-widget elementor-widget-heading\" data-id=\"14bcf24\" data-element_type=\"widget\" data-e-type=\"widget\" data-widget_type=\"heading.default\">\n\t\t\t\t\t<h2 class=\"elementor-heading-title elementor-size-default\">Ausbildung zum Besch\u00fctzer \/ W\u00e4chter<\/h2>\t\t\t\t<\/div>\n\t\t\t\t<div class=\"elementor-element elementor-element-4a4f8af elementor-widget elementor-widget-text-editor\" data-id=\"4a4f8af\" data-element_type=\"widget\" data-e-type=\"widget\" data-widget_type=\"text-editor.default\">\n\t\t\t\t\t\t\t\t\t<p class=\"p1\">Erlernen von \u00dcberwachungs- und Pr\u00e4ventionstechniken auf Baustellen.<\/p>\t\t\t\t\t\t\t\t<\/div>\n\t\t\t\t<\/div>\n\t\t<div class=\"elementor-element elementor-element-ad62b7e e-con-full e-flex e-con e-child\" data-id=\"ad62b7e\" data-element_type=\"container\" data-e-type=\"container\" data-settings=\"{&quot;background_background&quot;:&quot;classic&quot;}\">\n\t\t\t\t<div class=\"elementor-element elementor-element-c399624 elementor-widget elementor-widget-heading\" data-id=\"c399624\" data-element_type=\"widget\" data-e-type=\"widget\" data-widget_type=\"heading.default\">\n\t\t\t\t\t<h2 class=\"elementor-heading-title elementor-size-default\">CVM-Ausbildung\n<\/h2>\t\t\t\t<\/div>\n\t\t\t\t<div class=\"elementor-element elementor-element-3a593aa elementor-widget elementor-widget-text-editor\" data-id=\"3a593aa\" data-element_type=\"widget\" data-e-type=\"widget\" data-widget_type=\"text-editor.default\">\n\t\t\t\t\t\t\t\t\t<p class=\"p1\">Beherrschung der Verfahren und Kontrollen vor Ort f\u00fcr die Mitarbeiter in Bezug auf Sicherheitsma\u00dfnahmen.<\/p>\t\t\t\t\t\t\t\t<\/div>\n\t\t\t\t<\/div>\n\t\t<div class=\"elementor-element elementor-element-d628b45 e-con-full e-flex e-con e-child\" data-id=\"d628b45\" data-element_type=\"container\" data-e-type=\"container\" data-settings=\"{&quot;background_background&quot;:&quot;classic&quot;}\">\n\t\t\t\t<div class=\"elementor-element elementor-element-a595589 elementor-widget elementor-widget-heading\" data-id=\"a595589\" data-element_type=\"widget\" data-e-type=\"widget\" data-widget_type=\"heading.default\">\n\t\t\t\t\t<h2 class=\"elementor-heading-title elementor-size-default\">Aktualisierungen und Umschulungen<\/h2>\t\t\t\t<\/div>\n\t\t\t\t<div class=\"elementor-element elementor-element-091640f elementor-widget elementor-widget-text-editor\" data-id=\"091640f\" data-element_type=\"widget\" data-e-type=\"widget\" data-widget_type=\"text-editor.default\">\n\t\t\t\t\t\t\t\t\t<p class=\"p1\">Regelm\u00e4\u00dfige Module, um Ihre F\u00e4higkeiten auf dem neuesten Stand der Normen zu halten.<\/p>\t\t\t\t\t\t\t\t<\/div>\n\t\t\t\t<\/div>\n\t\t\t\t<\/div>\n\t\t\t\t\t<\/div>\n\t\t\t\t<\/div>\n\t\t<div class=\"elementor-element elementor-element-7e610b3 e-flex e-con-boxed e-con e-parent\" data-id=\"7e610b3\" data-element_type=\"container\" data-e-type=\"container\">\n\t\t\t\t\t<div class=\"e-con-inner\">\n\t\t<div class=\"elementor-element elementor-element-58f591f e-con-full e-flex e-con e-child\" data-id=\"58f591f\" data-element_type=\"container\" data-e-type=\"container\">\n\t\t\t\t<div class=\"elementor-element elementor-element-e4acd18 elementor-widget elementor-widget-image\" data-id=\"e4acd18\" data-element_type=\"widget\" data-e-type=\"widget\" data-widget_type=\"image.default\">\n\t\t\t\t\t\t\t\t\t\t\t\t\t\t\t<img fetchpriority=\"high\" decoding=\"async\" width=\"800\" height=\"809\" src=\"https:\/\/secufersarl.ch\/wp-content\/uploads\/2025\/10\/pexels-dom-j-7304-297836-1012x1024.jpg\" class=\"attachment-large size-large wp-image-623\" alt=\"\" srcset=\"https:\/\/secufersarl.ch\/wp-content\/uploads\/2025\/10\/pexels-dom-j-7304-297836-1012x1024.jpg 1012w, https:\/\/secufersarl.ch\/wp-content\/uploads\/2025\/10\/pexels-dom-j-7304-297836-297x300.jpg 297w, https:\/\/secufersarl.ch\/wp-content\/uploads\/2025\/10\/pexels-dom-j-7304-297836-768x777.jpg 768w, https:\/\/secufersarl.ch\/wp-content\/uploads\/2025\/10\/pexels-dom-j-7304-297836-1518x1536.jpg 1518w, https:\/\/secufersarl.ch\/wp-content\/uploads\/2025\/10\/pexels-dom-j-7304-297836-2025x2048.jpg 2025w\" sizes=\"(max-width: 800px) 100vw, 800px\" \/>\t\t\t\t\t\t\t\t\t\t\t\t\t\t\t<\/div>\n\t\t\t\t<\/div>\n\t\t<div class=\"elementor-element elementor-element-4970dfe e-con-full e-flex e-con e-child\" data-id=\"4970dfe\" data-element_type=\"container\" data-e-type=\"container\">\n\t\t\t\t<div class=\"elementor-element elementor-element-9d72be6 elementor-widget elementor-widget-heading\" data-id=\"9d72be6\" data-element_type=\"widget\" data-e-type=\"widget\" data-widget_type=\"heading.default\">\n\t\t\t\t\t<h2 class=\"elementor-heading-title elementor-size-default\">Unsere St\u00e4rken und Garantien<\/h2>\t\t\t\t<\/div>\n\t\t\t\t<div class=\"elementor-element elementor-element-f7b3504 elementor-widget elementor-widget-heading\" data-id=\"f7b3504\" data-element_type=\"widget\" data-e-type=\"widget\" data-widget_type=\"heading.default\">\n\t\t\t\t\t<h2 class=\"elementor-heading-title elementor-size-default\">Warum Sie uns w\u00e4hlen sollten<\/h2>\t\t\t\t<\/div>\n\t\t\t\t<div class=\"elementor-element elementor-element-387712a elementor-widget elementor-widget-text-editor\" data-id=\"387712a\" data-element_type=\"widget\" data-e-type=\"widget\" data-widget_type=\"text-editor.default\">\n\t\t\t\t\t\t\t\t\t<ul><li><p class=\"p1\">Zertifizierte Experten von SBB und SUVA<\/p><\/li><li><p class=\"p1\">Reaktives Team, das 24\/7 verf\u00fcgbar ist<\/p><\/li><li><p class=\"p1\">Interventionen in der gesamten Schweiz<\/p><\/li><li><p class=\"p1\">Kein Outsourcing: ein direkter und zuverl\u00e4ssiger Partner<\/p><\/li><\/ul>\t\t\t\t\t\t\t\t<\/div>\n\t\t\t\t<\/div>\n\t\t\t\t\t<\/div>\n\t\t\t\t<\/div>\n\t\t<div class=\"elementor-element elementor-element-e3fa5ec e-flex e-con-boxed e-con e-parent\" data-id=\"e3fa5ec\" data-element_type=\"container\" data-e-type=\"container\" data-settings=\"{&quot;background_background&quot;:&quot;classic&quot;}\">\n\t\t\t\t\t<div class=\"e-con-inner\">\n\t\t\t\t<div class=\"elementor-element elementor-element-860d29b elementor-widget elementor-widget-heading\" data-id=\"860d29b\" data-element_type=\"widget\" data-e-type=\"widget\" data-widget_type=\"heading.default\">\n\t\t\t\t\t<h2 class=\"elementor-heading-title elementor-size-default\">Bilden Sie Ihre Teams noch heute aus<\/h2>\t\t\t\t<\/div>\n\t\t\t\t<div class=\"elementor-element elementor-element-905e1fe elementor-widget elementor-widget-text-editor\" data-id=\"905e1fe\" data-element_type=\"widget\" data-e-type=\"widget\" data-widget_type=\"text-editor.default\">\n\t\t\t\t\t\t\t\t\t<p class=\"p1\">M\u00f6chten Sie Ihre Mitarbeiter in Bezug auf die Sicherheitsstandards im Eisenbahnverkehr schulen?<br>Kontaktieren Sie uns, um unsere Programme kennenzulernen und eine auf Ihre Bed\u00fcrfnisse zugeschnittene Sitzung zu planen.<\/p>\t\t\t\t\t\t\t\t<\/div>\n\t\t\t\t<div class=\"elementor-element elementor-element-ed47bff elementor-align-center elementor-widget elementor-widget-button\" data-id=\"ed47bff\" data-element_type=\"widget\" data-e-type=\"widget\" data-widget_type=\"button.default\">\n\t\t\t\t\t\t\t\t\t\t<a class=\"elementor-button elementor-button-link elementor-size-sm\" href=\"#\">\n\t\t\t\t\t\t<span class=\"elementor-button-content-wrapper\">\n\t\t\t\t\t\t\t\t\t<span class=\"elementor-button-text\">Kontaktieren Sie uns<\/span>\n\t\t\t\t\t<\/span>\n\t\t\t\t\t<\/a>\n\t\t\t\t\t\t\t\t<\/div>\n\t\t\t\t\t<\/div>\n\t\t\t\t<\/div>\n\t\t\t\t<\/div>\n\t\t","protected":false},"excerpt":{"rendered":"<p>Schulungen zur Eisenbahnsicherheit Zertifizierte Programme zur St\u00e4rkung Ihrer F\u00e4higkeiten und zur Gew\u00e4hrleistung der Sicherheit Fordern Sie ein kostenloses Angebot an Wozu dienen unsere Schulungen zur Eisenbahnsicherheit? Schulungen zur Eisenbahnsicherheit bereiten Ihr Team auf die strengen Anforderungen von Eisenbahnbaustellen vor. Sie gew\u00e4hrleisten die Beherrschung der Verfahren, das Verst\u00e4ndnis der SBB- und SUVA-Normen sowie die F\u00e4higkeit, in [&hellip;]<\/p>\n","protected":false},"author":1,"featured_media":0,"parent":0,"menu_order":0,"comment_status":"closed","ping_status":"closed","template":"","meta":{"footnotes":""},"class_list":["post-547","page","type-page","status-publish","hentry"],"aioseo_notices":[],"_links":{"self":[{"href":"https:\/\/secufersarl.ch\/de\/wp-json\/wp\/v2\/pages\/547","targetHints":{"allow":["GET"]}}],"collection":[{"href":"https:\/\/secufersarl.ch\/de\/wp-json\/wp\/v2\/pages"}],"about":[{"href":"https:\/\/secufersarl.ch\/de\/wp-json\/wp\/v2\/types\/page"}],"author":[{"embeddable":true,"href":"https:\/\/secufersarl.ch\/de\/wp-json\/wp\/v2\/users\/1"}],"replies":[{"embeddable":true,"href":"https:\/\/secufersarl.ch\/de\/wp-json\/wp\/v2\/comments?post=547"}],"version-history":[{"count":3,"href":"https:\/\/secufersarl.ch\/de\/wp-json\/wp\/v2\/pages\/547\/revisions"}],"predecessor-version":[{"id":646,"href":"https:\/\/secufersarl.ch\/de\/wp-json\/wp\/v2\/pages\/547\/revisions\/646"}],"wp:attachment":[{"href":"https:\/\/secufersarl.ch\/de\/wp-json\/wp\/v2\/media?parent=547"}],"curies":[{"name":"wp","href":"https:\/\/api.w.org\/{rel}","templated":true}]}}