{"id":553,"date":"2025-09-09T14:10:05","date_gmt":"2025-09-09T14:10:05","guid":{"rendered":"https:\/\/secufersarl.ch\/sicherheitsbeauftragter\/"},"modified":"2025-10-15T12:17:13","modified_gmt":"2025-10-15T12:17:13","slug":"sicherheitsbeauftragter","status":"publish","type":"page","link":"https:\/\/secufersarl.ch\/de\/sicherheitsbeauftragter\/","title":{"rendered":"Sicherheitsbeauftragter"},"content":{"rendered":"\t\t<div data-elementor-type=\"wp-page\" data-elementor-id=\"553\" class=\"elementor elementor-553 elementor-150\" data-elementor-post-type=\"page\">\n\t\t\t\t\t\t<section class=\"elementor-section elementor-top-section elementor-element elementor-element-21aee73c elementor-section-boxed elementor-section-height-default elementor-section-height-default\" data-id=\"21aee73c\" data-element_type=\"section\" data-e-type=\"section\" data-settings=\"{&quot;background_background&quot;:&quot;classic&quot;}\">\n\t\t\t\t\t\t\t<div class=\"elementor-background-overlay\"><\/div>\n\t\t\t\t\t\t\t<div class=\"elementor-container elementor-column-gap-default\">\n\t\t\t\t\t<div class=\"elementor-column elementor-col-50 elementor-top-column elementor-element elementor-element-5934c79\" data-id=\"5934c79\" data-element_type=\"column\" data-e-type=\"column\">\n\t\t\t<div class=\"elementor-widget-wrap elementor-element-populated\">\n\t\t\t\t\t\t<div class=\"elementor-element elementor-element-36f315a9 elementor-widget elementor-widget-heading\" data-id=\"36f315a9\" data-element_type=\"widget\" data-e-type=\"widget\" data-widget_type=\"heading.default\">\n\t\t\t\t\t<h3 class=\"elementor-heading-title elementor-size-default\">Leiter der Eisenbahnsicherheit<\/h3>\t\t\t\t<\/div>\n\t\t\t\t<div class=\"elementor-element elementor-element-3338a99b elementor-widget-divider--view-line elementor-widget elementor-widget-divider\" data-id=\"3338a99b\" data-element_type=\"widget\" data-e-type=\"widget\" data-widget_type=\"divider.default\">\n\t\t\t\t\t\t\t<div class=\"elementor-divider\">\n\t\t\t<span class=\"elementor-divider-separator\">\n\t\t\t\t\t\t<\/span>\n\t\t<\/div>\n\t\t\t\t\t\t<\/div>\n\t\t\t\t<div class=\"elementor-element elementor-element-4e19e86f elementor-widget elementor-widget-text-editor\" data-id=\"4e19e86f\" data-element_type=\"widget\" data-e-type=\"widget\" data-widget_type=\"text-editor.default\">\n\t\t\t\t\t\t\t\t\t<p class=\"p1\">Garant f\u00fcr die Sicherheit auf Ihren Eisenbahnbaustellen<\/p>\t\t\t\t\t\t\t\t<\/div>\n\t\t\t\t<div class=\"elementor-element elementor-element-6ec429f elementor-mobile-align-justify elementor-widget elementor-widget-button\" data-id=\"6ec429f\" data-element_type=\"widget\" data-e-type=\"widget\" data-widget_type=\"button.default\">\n\t\t\t\t\t\t\t\t\t\t<a class=\"elementor-button elementor-button-link elementor-size-sm\" href=\"https:\/\/secufersarl.ch\/de\/kontaktieren-sie-uns\/\">\n\t\t\t\t\t\t<span class=\"elementor-button-content-wrapper\">\n\t\t\t\t\t\t\t\t\t<span class=\"elementor-button-text\">Fordern Sie ein kostenloses Angebot an<\/span>\n\t\t\t\t\t<\/span>\n\t\t\t\t\t<\/a>\n\t\t\t\t\t\t\t\t<\/div>\n\t\t\t\t\t<\/div>\n\t\t<\/div>\n\t\t\t\t<div class=\"elementor-column elementor-col-50 elementor-top-column elementor-element elementor-element-64f6de8a\" data-id=\"64f6de8a\" data-element_type=\"column\" data-e-type=\"column\">\n\t\t\t<div class=\"elementor-widget-wrap\">\n\t\t\t\t\t\t\t<\/div>\n\t\t<\/div>\n\t\t\t\t\t<\/div>\n\t\t<\/section>\n\t\t\t\t<section class=\"elementor-section elementor-top-section elementor-element elementor-element-224d17a8 elementor-section-boxed elementor-section-height-default elementor-section-height-default elementor-invisible\" data-id=\"224d17a8\" data-element_type=\"section\" data-e-type=\"section\" data-settings=\"{&quot;animation&quot;:&quot;fadeInUp&quot;}\">\n\t\t\t\t\t\t<div class=\"elementor-container elementor-column-gap-default\">\n\t\t\t\t\t<div class=\"elementor-column elementor-col-100 elementor-top-column elementor-element elementor-element-1c6ef2bf\" data-id=\"1c6ef2bf\" data-element_type=\"column\" data-e-type=\"column\">\n\t\t\t<div class=\"elementor-widget-wrap elementor-element-populated\">\n\t\t\t\t\t\t<div class=\"elementor-element elementor-element-39f476d4 elementor-widget elementor-widget-heading\" data-id=\"39f476d4\" data-element_type=\"widget\" data-e-type=\"widget\" data-widget_type=\"heading.default\">\n\t\t\t\t\t<h2 class=\"elementor-heading-title elementor-size-default\">Wozu dient ein Eisenbahnsicherheitschef?<\/h2>\t\t\t\t<\/div>\n\t\t\t\t<div class=\"elementor-element elementor-element-6580d371 elementor-widget elementor-widget-text-editor\" data-id=\"6580d371\" data-element_type=\"widget\" data-e-type=\"widget\" data-widget_type=\"text-editor.default\">\n\t\t\t\t\t\t\t\t\t<p class=\"p1\">Der Eisenbahnsicherheitsleiter (CS) spielt eine zentrale Rolle f\u00fcr den Erfolg einer Eisenbahnbaustelle. Seine Hauptaufgabe ist es, sicherzustellen, dass alle Operationen in \u00dcbereinstimmung mit den geltenden Sicherheitsstandards (SBB und SUVA) durchgef\u00fchrt werden. Er koordiniert die Pr\u00e4ventionsma\u00dfnahmen, \u00fcberwacht die Teams und greift im Falle einer Gefahr sofort ein. Ohne seine Anwesenheit kann eine Eisenbahnbaustelle nicht legal und sicher betrieben werden.<\/p>\t\t\t\t\t\t\t\t<\/div>\n\t\t\t\t\t<\/div>\n\t\t<\/div>\n\t\t\t\t\t<\/div>\n\t\t<\/section>\n\t\t<div class=\"elementor-element elementor-element-6b7820d e-flex e-con-boxed elementor-invisible e-con e-parent\" data-id=\"6b7820d\" data-element_type=\"container\" data-e-type=\"container\" data-settings=\"{&quot;animation&quot;:&quot;fadeIn&quot;}\">\n\t\t\t\t\t<div class=\"e-con-inner\">\n\t\t\t\t<div class=\"elementor-element elementor-element-f7361d6 elementor-widget elementor-widget-heading\" data-id=\"f7361d6\" data-element_type=\"widget\" data-e-type=\"widget\" data-widget_type=\"heading.default\">\n\t\t\t\t\t<h2 class=\"elementor-heading-title elementor-size-default\">Seine Kernkompetenzen<\/h2>\t\t\t\t<\/div>\n\t\t<div class=\"elementor-element elementor-element-7006b42 e-con-full e-flex e-con e-child\" data-id=\"7006b42\" data-element_type=\"container\" data-e-type=\"container\">\n\t\t<div class=\"elementor-element elementor-element-3786394 e-con-full e-flex e-con e-child\" data-id=\"3786394\" data-element_type=\"container\" data-e-type=\"container\" data-settings=\"{&quot;background_background&quot;:&quot;classic&quot;}\">\n\t\t\t\t<div class=\"elementor-element elementor-element-211d3d8 elementor-widget elementor-widget-heading\" data-id=\"211d3d8\" data-element_type=\"widget\" data-e-type=\"widget\" data-widget_type=\"heading.default\">\n\t\t\t\t\t<h2 class=\"elementor-heading-title elementor-size-default\">Planung<\/h2>\t\t\t\t<\/div>\n\t\t\t\t<div class=\"elementor-element elementor-element-6501bb9 elementor-widget elementor-widget-text-editor\" data-id=\"6501bb9\" data-element_type=\"widget\" data-e-type=\"widget\" data-widget_type=\"text-editor.default\">\n\t\t\t\t\t\t\t\t\t<p>Umsetzung der Sicherheitsvorkehrungen gem\u00e4\u00df TEN 20100<\/p>\t\t\t\t\t\t\t\t<\/div>\n\t\t\t\t<\/div>\n\t\t<div class=\"elementor-element elementor-element-7b84a60 e-con-full e-flex e-con e-child\" data-id=\"7b84a60\" data-element_type=\"container\" data-e-type=\"container\" data-settings=\"{&quot;background_background&quot;:&quot;classic&quot;}\">\n\t\t\t\t<div class=\"elementor-element elementor-element-b53fa3c elementor-widget elementor-widget-heading\" data-id=\"b53fa3c\" data-element_type=\"widget\" data-e-type=\"widget\" data-widget_type=\"heading.default\">\n\t\t\t\t\t<h2 class=\"elementor-heading-title elementor-size-default\">\u00dcberwachung<\/h2>\t\t\t\t<\/div>\n\t\t\t\t<div class=\"elementor-element elementor-element-5054893 elementor-widget elementor-widget-text-editor\" data-id=\"5054893\" data-element_type=\"widget\" data-e-type=\"widget\" data-widget_type=\"text-editor.default\">\n\t\t\t\t\t\t\t\t\t<p>Kontinuierliche Pr\u00e4senz auf der Baustelle, um die Sicherheit der Arbeiter und der Einrichtungen zu gew\u00e4hrleisten.<\/p>\t\t\t\t\t\t\t\t<\/div>\n\t\t\t\t<\/div>\n\t\t<div class=\"elementor-element elementor-element-9c7ff7a e-con-full e-flex e-con e-child\" data-id=\"9c7ff7a\" data-element_type=\"container\" data-e-type=\"container\" data-settings=\"{&quot;background_background&quot;:&quot;classic&quot;}\">\n\t\t\t\t<div class=\"elementor-element elementor-element-be66a87 elementor-widget elementor-widget-heading\" data-id=\"be66a87\" data-element_type=\"widget\" data-e-type=\"widget\" data-widget_type=\"heading.default\">\n\t\t\t\t\t<h2 class=\"elementor-heading-title elementor-size-default\">Entscheidung<\/h2>\t\t\t\t<\/div>\n\t\t\t\t<div class=\"elementor-element elementor-element-8846e35 elementor-widget elementor-widget-text-editor\" data-id=\"8846e35\" data-element_type=\"widget\" data-e-type=\"widget\" data-widget_type=\"text-editor.default\">\n\t\t\t\t\t\t\t\t\t<p>Befugnis, die Arbeit im Falle einer Gefahr oder einer Abweichung von den Verfahren zu unterbrechen.<\/p>\t\t\t\t\t\t\t\t<\/div>\n\t\t\t\t<\/div>\n\t\t<div class=\"elementor-element elementor-element-b8f51d4 e-con-full e-flex e-con e-child\" data-id=\"b8f51d4\" data-element_type=\"container\" data-e-type=\"container\" data-settings=\"{&quot;background_background&quot;:&quot;classic&quot;}\">\n\t\t\t\t<div class=\"elementor-element elementor-element-c6b231d elementor-widget elementor-widget-heading\" data-id=\"c6b231d\" data-element_type=\"widget\" data-e-type=\"widget\" data-widget_type=\"heading.default\">\n\t\t\t\t\t<h2 class=\"elementor-heading-title elementor-size-default\">Koordination<\/h2>\t\t\t\t<\/div>\n\t\t\t\t<div class=\"elementor-element elementor-element-366ffc9 elementor-widget elementor-widget-text-editor\" data-id=\"366ffc9\" data-element_type=\"widget\" data-e-type=\"widget\" data-widget_type=\"text-editor.default\">\n\t\t\t\t\t\t\t\t\t<p>Reibungslose Kommunikation mit der Bauleitung, den SBB und den operativen Teams.<\/p>\t\t\t\t\t\t\t\t<\/div>\n\t\t\t\t<\/div>\n\t\t\t\t<\/div>\n\t\t\t\t\t<\/div>\n\t\t\t\t<\/div>\n\t\t<div class=\"elementor-element elementor-element-f55a25b e-flex e-con-boxed e-con e-parent\" data-id=\"f55a25b\" data-element_type=\"container\" data-e-type=\"container\">\n\t\t\t\t\t<div class=\"e-con-inner\">\n\t\t<div class=\"elementor-element elementor-element-4766c27 e-con-full e-flex elementor-invisible e-con e-child\" data-id=\"4766c27\" data-element_type=\"container\" data-e-type=\"container\" data-settings=\"{&quot;animation&quot;:&quot;fadeInLeft&quot;}\">\n\t\t\t\t<div class=\"elementor-element elementor-element-48e8a79 elementor-widget elementor-widget-image\" data-id=\"48e8a79\" data-element_type=\"widget\" data-e-type=\"widget\" data-widget_type=\"image.default\">\n\t\t\t\t\t\t\t\t\t\t\t\t\t\t\t<img fetchpriority=\"high\" decoding=\"async\" width=\"800\" height=\"534\" src=\"https:\/\/secufersarl.ch\/wp-content\/uploads\/2025\/09\/pexels-fractiongodfrey-33829812-1024x684.jpg\" class=\"attachment-large size-large wp-image-542\" alt=\"\" srcset=\"https:\/\/secufersarl.ch\/wp-content\/uploads\/2025\/09\/pexels-fractiongodfrey-33829812-1024x684.jpg 1024w, https:\/\/secufersarl.ch\/wp-content\/uploads\/2025\/09\/pexels-fractiongodfrey-33829812-300x200.jpg 300w, https:\/\/secufersarl.ch\/wp-content\/uploads\/2025\/09\/pexels-fractiongodfrey-33829812-768x513.jpg 768w, https:\/\/secufersarl.ch\/wp-content\/uploads\/2025\/09\/pexels-fractiongodfrey-33829812-1536x1026.jpg 1536w, https:\/\/secufersarl.ch\/wp-content\/uploads\/2025\/09\/pexels-fractiongodfrey-33829812-2048x1368.jpg 2048w\" sizes=\"(max-width: 800px) 100vw, 800px\" \/>\t\t\t\t\t\t\t\t\t\t\t\t\t\t\t<\/div>\n\t\t\t\t<\/div>\n\t\t<div class=\"elementor-element elementor-element-5e20407 e-con-full e-flex elementor-invisible e-con e-child\" data-id=\"5e20407\" data-element_type=\"container\" data-e-type=\"container\" data-settings=\"{&quot;animation&quot;:&quot;fadeInRight&quot;}\">\n\t\t\t\t<div class=\"elementor-element elementor-element-3261711 elementor-widget elementor-widget-heading\" data-id=\"3261711\" data-element_type=\"widget\" data-e-type=\"widget\" data-widget_type=\"heading.default\">\n\t\t\t\t\t<h2 class=\"elementor-heading-title elementor-size-default\">Unsere St\u00e4rken und Garantien<\/h2>\t\t\t\t<\/div>\n\t\t\t\t<div class=\"elementor-element elementor-element-9eccf33 elementor-widget elementor-widget-heading\" data-id=\"9eccf33\" data-element_type=\"widget\" data-e-type=\"widget\" data-widget_type=\"heading.default\">\n\t\t\t\t\t<h2 class=\"elementor-heading-title elementor-size-default\">Warum Sie uns w\u00e4hlen sollten<\/h2>\t\t\t\t<\/div>\n\t\t\t\t<div class=\"elementor-element elementor-element-e1ca00d elementor-widget elementor-widget-text-editor\" data-id=\"e1ca00d\" data-element_type=\"widget\" data-e-type=\"widget\" data-widget_type=\"text-editor.default\">\n\t\t\t\t\t\t\t\t\t<ul><li><p class=\"p1\">Zertifizierte Experten von SBB und SUVA<\/p><\/li><li><p class=\"p1\">Reaktives Team, das 24\/7 verf\u00fcgbar ist<\/p><\/li><li><p class=\"p1\">Interventionen in der gesamten Schweiz<\/p><\/li><li><p class=\"p1\">Kein Outsourcing: ein direkter und zuverl\u00e4ssiger Partner<\/p><\/li><\/ul>\t\t\t\t\t\t\t\t<\/div>\n\t\t\t\t<\/div>\n\t\t\t\t\t<\/div>\n\t\t\t\t<\/div>\n\t\t<div class=\"elementor-element elementor-element-b61a15f e-flex e-con-boxed e-con e-parent\" data-id=\"b61a15f\" data-element_type=\"container\" data-e-type=\"container\" data-settings=\"{&quot;background_background&quot;:&quot;classic&quot;}\">\n\t\t\t\t\t<div class=\"e-con-inner\">\n\t\t\t\t<div class=\"elementor-element elementor-element-62e510f elementor-widget elementor-widget-heading\" data-id=\"62e510f\" data-element_type=\"widget\" data-e-type=\"widget\" data-widget_type=\"heading.default\">\n\t\t\t\t\t<h2 class=\"elementor-heading-title elementor-size-default\">Sichern Sie Ihre Baustellen schon heute ab\n<\/h2>\t\t\t\t<\/div>\n\t\t\t\t<div class=\"elementor-element elementor-element-e25f012 elementor-widget elementor-widget-text-editor\" data-id=\"e25f012\" data-element_type=\"widget\" data-e-type=\"widget\" data-widget_type=\"text-editor.default\">\n\t\t\t\t\t\t\t\t\t<p class=\"p1\">Sie suchen einen zuverl\u00e4ssigen Sicherheitsleiter f\u00fcr Ihre Eisenbahnprojekte?<\/p><p class=\"p1\">Kontaktieren Sie uns und profitieren Sie von zertifiziertem Fachwissen in der ganzen Schweiz.<\/p>\t\t\t\t\t\t\t\t<\/div>\n\t\t\t\t<div class=\"elementor-element elementor-element-6242ddd elementor-align-center elementor-widget elementor-widget-button\" data-id=\"6242ddd\" data-element_type=\"widget\" data-e-type=\"widget\" data-widget_type=\"button.default\">\n\t\t\t\t\t\t\t\t\t\t<a class=\"elementor-button elementor-button-link elementor-size-sm\" href=\"#\">\n\t\t\t\t\t\t<span class=\"elementor-button-content-wrapper\">\n\t\t\t\t\t\t\t\t\t<span class=\"elementor-button-text\">Kontaktieren Sie uns<\/span>\n\t\t\t\t\t<\/span>\n\t\t\t\t\t<\/a>\n\t\t\t\t\t\t\t\t<\/div>\n\t\t\t\t\t<\/div>\n\t\t\t\t<\/div>\n\t\t\t\t<\/div>\n\t\t","protected":false},"excerpt":{"rendered":"<p>Leiter der Eisenbahnsicherheit Garant f\u00fcr die Sicherheit auf Ihren Eisenbahnbaustellen Fordern Sie ein kostenloses Angebot an Wozu dient ein Eisenbahnsicherheitschef? Der Eisenbahnsicherheitsleiter (CS) spielt eine zentrale Rolle f\u00fcr den Erfolg einer Eisenbahnbaustelle. Seine Hauptaufgabe ist es, sicherzustellen, dass alle Operationen in \u00dcbereinstimmung mit den geltenden Sicherheitsstandards (SBB und SUVA) durchgef\u00fchrt werden. Er koordiniert die Pr\u00e4ventionsma\u00dfnahmen, [&hellip;]<\/p>\n","protected":false},"author":1,"featured_media":0,"parent":0,"menu_order":0,"comment_status":"closed","ping_status":"closed","template":"","meta":{"footnotes":""},"class_list":["post-553","page","type-page","status-publish","hentry"],"aioseo_notices":[],"_links":{"self":[{"href":"https:\/\/secufersarl.ch\/de\/wp-json\/wp\/v2\/pages\/553","targetHints":{"allow":["GET"]}}],"collection":[{"href":"https:\/\/secufersarl.ch\/de\/wp-json\/wp\/v2\/pages"}],"about":[{"href":"https:\/\/secufersarl.ch\/de\/wp-json\/wp\/v2\/types\/page"}],"author":[{"embeddable":true,"href":"https:\/\/secufersarl.ch\/de\/wp-json\/wp\/v2\/users\/1"}],"replies":[{"embeddable":true,"href":"https:\/\/secufersarl.ch\/de\/wp-json\/wp\/v2\/comments?post=553"}],"version-history":[{"count":10,"href":"https:\/\/secufersarl.ch\/de\/wp-json\/wp\/v2\/pages\/553\/revisions"}],"predecessor-version":[{"id":753,"href":"https:\/\/secufersarl.ch\/de\/wp-json\/wp\/v2\/pages\/553\/revisions\/753"}],"wp:attachment":[{"href":"https:\/\/secufersarl.ch\/de\/wp-json\/wp\/v2\/media?parent=553"}],"curies":[{"name":"wp","href":"https:\/\/api.w.org\/{rel}","templated":true}]}}