{"id":555,"date":"2025-09-30T07:47:15","date_gmt":"2025-09-30T07:47:15","guid":{"rendered":"https:\/\/secufersarl.ch\/beschuetzer-waechter\/"},"modified":"2025-10-15T12:17:40","modified_gmt":"2025-10-15T12:17:40","slug":"beschuetzer-waechter","status":"publish","type":"page","link":"https:\/\/secufersarl.ch\/de\/beschuetzer-waechter\/","title":{"rendered":"Besch\u00fctzer \/ W\u00e4chter"},"content":{"rendered":"\t\t<div data-elementor-type=\"wp-page\" data-elementor-id=\"555\" class=\"elementor elementor-555 elementor-251\" data-elementor-post-type=\"page\">\n\t\t\t\t\t\t<section class=\"elementor-section elementor-top-section elementor-element elementor-element-a060d28 elementor-section-boxed elementor-section-height-default elementor-section-height-default\" data-id=\"a060d28\" data-element_type=\"section\" data-e-type=\"section\" data-settings=\"{&quot;background_background&quot;:&quot;classic&quot;}\">\n\t\t\t\t\t\t\t<div class=\"elementor-background-overlay\"><\/div>\n\t\t\t\t\t\t\t<div class=\"elementor-container elementor-column-gap-default\">\n\t\t\t\t\t<div class=\"elementor-column elementor-col-50 elementor-top-column elementor-element elementor-element-8075518\" data-id=\"8075518\" data-element_type=\"column\" data-e-type=\"column\">\n\t\t\t<div class=\"elementor-widget-wrap elementor-element-populated\">\n\t\t\t\t\t\t<div class=\"elementor-element elementor-element-7b63bcb elementor-widget elementor-widget-heading\" data-id=\"7b63bcb\" data-element_type=\"widget\" data-e-type=\"widget\" data-widget_type=\"heading.default\">\n\t\t\t\t\t<h3 class=\"elementor-heading-title elementor-size-default\">Besch\u00fctzer \/ W\u00e4chter<\/h3>\t\t\t\t<\/div>\n\t\t\t\t<div class=\"elementor-element elementor-element-8d067ce elementor-widget-divider--view-line elementor-widget elementor-widget-divider\" data-id=\"8d067ce\" data-element_type=\"widget\" data-e-type=\"widget\" data-widget_type=\"divider.default\">\n\t\t\t\t\t\t\t<div class=\"elementor-divider\">\n\t\t\t<span class=\"elementor-divider-separator\">\n\t\t\t\t\t\t<\/span>\n\t\t<\/div>\n\t\t\t\t\t\t<\/div>\n\t\t\t\t<div class=\"elementor-element elementor-element-1cd125d elementor-widget elementor-widget-text-editor\" data-id=\"1cd125d\" data-element_type=\"widget\" data-e-type=\"widget\" data-widget_type=\"text-editor.default\">\n\t\t\t\t\t\t\t\t\t<p class=\"p1\">Wachsame Pr\u00e4senz zur Gew\u00e4hrleistung der Sicherheit auf Ihren Eisenbahnbaustellen<\/p>\t\t\t\t\t\t\t\t<\/div>\n\t\t\t\t<div class=\"elementor-element elementor-element-f34fb2c elementor-mobile-align-justify elementor-widget elementor-widget-button\" data-id=\"f34fb2c\" data-element_type=\"widget\" data-e-type=\"widget\" data-widget_type=\"button.default\">\n\t\t\t\t\t\t\t\t\t\t<a class=\"elementor-button elementor-button-link elementor-size-sm\" href=\"https:\/\/secufersarl.ch\/de\/kontaktieren-sie-uns\/\">\n\t\t\t\t\t\t<span class=\"elementor-button-content-wrapper\">\n\t\t\t\t\t\t\t\t\t<span class=\"elementor-button-text\">Fordern Sie ein kostenloses Angebot an<\/span>\n\t\t\t\t\t<\/span>\n\t\t\t\t\t<\/a>\n\t\t\t\t\t\t\t\t<\/div>\n\t\t\t\t\t<\/div>\n\t\t<\/div>\n\t\t\t\t<div class=\"elementor-column elementor-col-50 elementor-top-column elementor-element elementor-element-0a3213c\" data-id=\"0a3213c\" data-element_type=\"column\" data-e-type=\"column\">\n\t\t\t<div class=\"elementor-widget-wrap\">\n\t\t\t\t\t\t\t<\/div>\n\t\t<\/div>\n\t\t\t\t\t<\/div>\n\t\t<\/section>\n\t\t\t\t<section class=\"elementor-section elementor-top-section elementor-element elementor-element-58dd242 elementor-section-boxed elementor-section-height-default elementor-section-height-default elementor-invisible\" data-id=\"58dd242\" data-element_type=\"section\" data-e-type=\"section\" data-settings=\"{&quot;animation&quot;:&quot;fadeInUp&quot;}\">\n\t\t\t\t\t\t<div class=\"elementor-container elementor-column-gap-default\">\n\t\t\t\t\t<div class=\"elementor-column elementor-col-100 elementor-top-column elementor-element elementor-element-856d9f3\" data-id=\"856d9f3\" data-element_type=\"column\" data-e-type=\"column\">\n\t\t\t<div class=\"elementor-widget-wrap elementor-element-populated\">\n\t\t\t\t\t\t<div class=\"elementor-element elementor-element-ed7b3a6 elementor-widget elementor-widget-heading\" data-id=\"ed7b3a6\" data-element_type=\"widget\" data-e-type=\"widget\" data-widget_type=\"heading.default\">\n\t\t\t\t\t<h2 class=\"elementor-heading-title elementor-size-default\">Wozu dient ein Protektor \/ Sentinel?<\/h2>\t\t\t\t<\/div>\n\t\t\t\t<div class=\"elementor-element elementor-element-ee19970 elementor-widget elementor-widget-text-editor\" data-id=\"ee19970\" data-element_type=\"widget\" data-e-type=\"widget\" data-widget_type=\"text-editor.default\">\n\t\t\t\t\t\t\t\t\t<p class=\"p1\">Die Hauptaufgabe des Besch\u00fctzers, auch Sentinel genannt, ist die \u00dcberwachung und der Schutz von Arbeitsbereichen in der N\u00e4he von Eisenbahnstrecken. Seine st\u00e4ndige Wachsamkeit erm\u00f6glicht es, Risiken im Zusammenhang mit vorbeifahrenden Z\u00fcgen zu vermeiden und die Sicherheit der Teams auf der Baustelle zu gew\u00e4hrleisten. Als echter &#8222;W\u00e4chter des Feldes&#8220; warnt er, alarmiert und leitet im Falle einer Gefahr Notfallma\u00dfnahmen ein.<\/p>\t\t\t\t\t\t\t\t<\/div>\n\t\t\t\t\t<\/div>\n\t\t<\/div>\n\t\t\t\t\t<\/div>\n\t\t<\/section>\n\t\t<div class=\"elementor-element elementor-element-1be62fd e-flex e-con-boxed elementor-invisible e-con e-parent\" data-id=\"1be62fd\" data-element_type=\"container\" data-e-type=\"container\" data-settings=\"{&quot;animation&quot;:&quot;fadeIn&quot;}\">\n\t\t\t\t\t<div class=\"e-con-inner\">\n\t\t\t\t<div class=\"elementor-element elementor-element-2968905 elementor-widget elementor-widget-heading\" data-id=\"2968905\" data-element_type=\"widget\" data-e-type=\"widget\" data-widget_type=\"heading.default\">\n\t\t\t\t\t<h2 class=\"elementor-heading-title elementor-size-default\">Seine Kernkompetenzen<\/h2>\t\t\t\t<\/div>\n\t\t<div class=\"elementor-element elementor-element-fab5799 e-con-full e-flex e-con e-child\" data-id=\"fab5799\" data-element_type=\"container\" data-e-type=\"container\">\n\t\t<div class=\"elementor-element elementor-element-6f81057 e-con-full e-flex e-con e-child\" data-id=\"6f81057\" data-element_type=\"container\" data-e-type=\"container\" data-settings=\"{&quot;background_background&quot;:&quot;classic&quot;}\">\n\t\t\t\t<div class=\"elementor-element elementor-element-cd69d6b elementor-widget elementor-widget-heading\" data-id=\"cd69d6b\" data-element_type=\"widget\" data-e-type=\"widget\" data-widget_type=\"heading.default\">\n\t\t\t\t\t<h2 class=\"elementor-heading-title elementor-size-default\">Wachsamkeit<\/h2>\t\t\t\t<\/div>\n\t\t\t\t<div class=\"elementor-element elementor-element-b5ad7e2 elementor-widget elementor-widget-text-editor\" data-id=\"b5ad7e2\" data-element_type=\"widget\" data-e-type=\"widget\" data-widget_type=\"text-editor.default\">\n\t\t\t\t\t\t\t\t\t<p class=\"p1\">Kontinuierliche \u00dcberwachung der Zug\u00e4nge und Risikobereiche rund um die Baustelle.<\/p>\t\t\t\t\t\t\t\t<\/div>\n\t\t\t\t<\/div>\n\t\t<div class=\"elementor-element elementor-element-ec8b532 e-con-full e-flex e-con e-child\" data-id=\"ec8b532\" data-element_type=\"container\" data-e-type=\"container\" data-settings=\"{&quot;background_background&quot;:&quot;classic&quot;}\">\n\t\t\t\t<div class=\"elementor-element elementor-element-d6743b1 elementor-widget elementor-widget-heading\" data-id=\"d6743b1\" data-element_type=\"widget\" data-e-type=\"widget\" data-widget_type=\"heading.default\">\n\t\t\t\t\t<h2 class=\"elementor-heading-title elementor-size-default\">Pr\u00e4vention\n<\/h2>\t\t\t\t<\/div>\n\t\t\t\t<div class=\"elementor-element elementor-element-121c105 elementor-widget elementor-widget-text-editor\" data-id=\"121c105\" data-element_type=\"widget\" data-e-type=\"widget\" data-widget_type=\"text-editor.default\">\n\t\t\t\t\t\t\t\t\t<p class=\"p1\">Sofortige Warnung vor einer Gefahr oder einer kritischen Situation.<\/p>\t\t\t\t\t\t\t\t<\/div>\n\t\t\t\t<\/div>\n\t\t<div class=\"elementor-element elementor-element-48104b1 e-con-full e-flex e-con e-child\" data-id=\"48104b1\" data-element_type=\"container\" data-e-type=\"container\" data-settings=\"{&quot;background_background&quot;:&quot;classic&quot;}\">\n\t\t\t\t<div class=\"elementor-element elementor-element-c14c0f3 elementor-widget elementor-widget-heading\" data-id=\"c14c0f3\" data-element_type=\"widget\" data-e-type=\"widget\" data-widget_type=\"heading.default\">\n\t\t\t\t\t<h2 class=\"elementor-heading-title elementor-size-default\">Reaktivit\u00e4t<\/h2>\t\t\t\t<\/div>\n\t\t\t\t<div class=\"elementor-element elementor-element-a00c565 elementor-widget elementor-widget-text-editor\" data-id=\"a00c565\" data-element_type=\"widget\" data-e-type=\"widget\" data-widget_type=\"text-editor.default\">\n\t\t\t\t\t\t\t\t\t<p class=\"p1\">Unterst\u00fctzung der Baustellenteams und Sicherung der Umgebung von Gleisen.<\/p>\t\t\t\t\t\t\t\t<\/div>\n\t\t\t\t<\/div>\n\t\t<div class=\"elementor-element elementor-element-b41337a e-con-full e-flex e-con e-child\" data-id=\"b41337a\" data-element_type=\"container\" data-e-type=\"container\" data-settings=\"{&quot;background_background&quot;:&quot;classic&quot;}\">\n\t\t\t\t<div class=\"elementor-element elementor-element-8711b32 elementor-widget elementor-widget-heading\" data-id=\"8711b32\" data-element_type=\"widget\" data-e-type=\"widget\" data-widget_type=\"heading.default\">\n\t\t\t\t\t<h2 class=\"elementor-heading-title elementor-size-default\">Unterst\u00fctzung<\/h2>\t\t\t\t<\/div>\n\t\t\t\t<div class=\"elementor-element elementor-element-4c48a6f elementor-widget elementor-widget-text-editor\" data-id=\"4c48a6f\" data-element_type=\"widget\" data-e-type=\"widget\" data-widget_type=\"text-editor.default\">\n\t\t\t\t\t\t\t\t\t<p class=\"p1\">Unterst\u00fctzung der Baustellenteams und Sicherung der Umgebung von Gleisen.<\/p>\t\t\t\t\t\t\t\t<\/div>\n\t\t\t\t<\/div>\n\t\t\t\t<\/div>\n\t\t\t\t\t<\/div>\n\t\t\t\t<\/div>\n\t\t<div class=\"elementor-element elementor-element-333c100 e-flex e-con-boxed e-con e-parent\" data-id=\"333c100\" data-element_type=\"container\" data-e-type=\"container\">\n\t\t\t\t\t<div class=\"e-con-inner\">\n\t\t<div class=\"elementor-element elementor-element-97d40cd e-con-full e-flex elementor-invisible e-con e-child\" data-id=\"97d40cd\" data-element_type=\"container\" data-e-type=\"container\" data-settings=\"{&quot;animation&quot;:&quot;fadeInLeft&quot;}\">\n\t\t\t\t<div class=\"elementor-element elementor-element-a8a3da1 elementor-widget elementor-widget-image\" data-id=\"a8a3da1\" data-element_type=\"widget\" data-e-type=\"widget\" data-widget_type=\"image.default\">\n\t\t\t\t\t\t\t\t\t\t\t\t\t\t\t<img fetchpriority=\"high\" decoding=\"async\" width=\"800\" height=\"809\" src=\"https:\/\/secufersarl.ch\/wp-content\/uploads\/2025\/10\/pexels-dom-j-7304-297836-1012x1024.jpg\" class=\"attachment-large size-large wp-image-623\" alt=\"\" srcset=\"https:\/\/secufersarl.ch\/wp-content\/uploads\/2025\/10\/pexels-dom-j-7304-297836-1012x1024.jpg 1012w, https:\/\/secufersarl.ch\/wp-content\/uploads\/2025\/10\/pexels-dom-j-7304-297836-297x300.jpg 297w, https:\/\/secufersarl.ch\/wp-content\/uploads\/2025\/10\/pexels-dom-j-7304-297836-768x777.jpg 768w, https:\/\/secufersarl.ch\/wp-content\/uploads\/2025\/10\/pexels-dom-j-7304-297836-1518x1536.jpg 1518w, https:\/\/secufersarl.ch\/wp-content\/uploads\/2025\/10\/pexels-dom-j-7304-297836-2025x2048.jpg 2025w\" sizes=\"(max-width: 800px) 100vw, 800px\" \/>\t\t\t\t\t\t\t\t\t\t\t\t\t\t\t<\/div>\n\t\t\t\t<\/div>\n\t\t<div class=\"elementor-element elementor-element-72b9fa9 e-con-full e-flex elementor-invisible e-con e-child\" data-id=\"72b9fa9\" data-element_type=\"container\" data-e-type=\"container\" data-settings=\"{&quot;animation&quot;:&quot;fadeInRight&quot;}\">\n\t\t\t\t<div class=\"elementor-element elementor-element-4483713 elementor-widget elementor-widget-heading\" data-id=\"4483713\" data-element_type=\"widget\" data-e-type=\"widget\" data-widget_type=\"heading.default\">\n\t\t\t\t\t<h2 class=\"elementor-heading-title elementor-size-default\">Unsere St\u00e4rken und Garantien<\/h2>\t\t\t\t<\/div>\n\t\t\t\t<div class=\"elementor-element elementor-element-9e359b5 elementor-widget elementor-widget-heading\" data-id=\"9e359b5\" data-element_type=\"widget\" data-e-type=\"widget\" data-widget_type=\"heading.default\">\n\t\t\t\t\t<h2 class=\"elementor-heading-title elementor-size-default\">Warum Sie uns w\u00e4hlen sollten<\/h2>\t\t\t\t<\/div>\n\t\t\t\t<div class=\"elementor-element elementor-element-71a2875 elementor-widget elementor-widget-text-editor\" data-id=\"71a2875\" data-element_type=\"widget\" data-e-type=\"widget\" data-widget_type=\"text-editor.default\">\n\t\t\t\t\t\t\t\t\t<ul><li><p class=\"p1\">Zertifizierte Experten von SBB und SUVA<\/p><\/li><li><p class=\"p1\">Reaktives Team, das 24\/7 verf\u00fcgbar ist<\/p><\/li><li><p class=\"p1\">Interventionen in der gesamten Schweiz<\/p><\/li><li><p class=\"p1\">Kein Outsourcing: ein direkter und zuverl\u00e4ssiger Partner<\/p><\/li><\/ul>\t\t\t\t\t\t\t\t<\/div>\n\t\t\t\t<\/div>\n\t\t\t\t\t<\/div>\n\t\t\t\t<\/div>\n\t\t<div class=\"elementor-element elementor-element-1dffa7f e-flex e-con-boxed e-con e-parent\" data-id=\"1dffa7f\" data-element_type=\"container\" data-e-type=\"container\" data-settings=\"{&quot;background_background&quot;:&quot;classic&quot;}\">\n\t\t\t\t\t<div class=\"e-con-inner\">\n\t\t\t\t<div class=\"elementor-element elementor-element-03dbe91 elementor-widget elementor-widget-heading\" data-id=\"03dbe91\" data-element_type=\"widget\" data-e-type=\"widget\" data-widget_type=\"heading.default\">\n\t\t\t\t\t<h2 class=\"elementor-heading-title elementor-size-default\">Sichern Sie Ihre Baustellen schon heute ab\n<\/h2>\t\t\t\t<\/div>\n\t\t\t\t<div class=\"elementor-element elementor-element-924c591 elementor-widget elementor-widget-text-editor\" data-id=\"924c591\" data-element_type=\"widget\" data-e-type=\"widget\" data-widget_type=\"text-editor.default\">\n\t\t\t\t\t\t\t\t\t<p class=\"p1\">Sie suchen einen zuverl\u00e4ssigen Besch\u00fctzer \/ Sentinel f\u00fcr Ihre Eisenbahnprojekte?<\/p><p class=\"p1\">Kontaktieren Sie uns und profitieren Sie von zertifiziertem Fachwissen in der ganzen Schweiz.<\/p>\t\t\t\t\t\t\t\t<\/div>\n\t\t\t\t<div class=\"elementor-element elementor-element-0ddadd3 elementor-align-center elementor-widget elementor-widget-button\" data-id=\"0ddadd3\" data-element_type=\"widget\" data-e-type=\"widget\" data-widget_type=\"button.default\">\n\t\t\t\t\t\t\t\t\t\t<a class=\"elementor-button elementor-button-link elementor-size-sm\" href=\"#\">\n\t\t\t\t\t\t<span class=\"elementor-button-content-wrapper\">\n\t\t\t\t\t\t\t\t\t<span class=\"elementor-button-text\">Kontaktieren Sie uns<\/span>\n\t\t\t\t\t<\/span>\n\t\t\t\t\t<\/a>\n\t\t\t\t\t\t\t\t<\/div>\n\t\t\t\t\t<\/div>\n\t\t\t\t<\/div>\n\t\t\t\t<\/div>\n\t\t","protected":false},"excerpt":{"rendered":"<p>Besch\u00fctzer \/ W\u00e4chter Wachsame Pr\u00e4senz zur Gew\u00e4hrleistung der Sicherheit auf Ihren Eisenbahnbaustellen Fordern Sie ein kostenloses Angebot an Wozu dient ein Protektor \/ Sentinel? Die Hauptaufgabe des Besch\u00fctzers, auch Sentinel genannt, ist die \u00dcberwachung und der Schutz von Arbeitsbereichen in der N\u00e4he von Eisenbahnstrecken. Seine st\u00e4ndige Wachsamkeit erm\u00f6glicht es, Risiken im Zusammenhang mit vorbeifahrenden Z\u00fcgen [&hellip;]<\/p>\n","protected":false},"author":1,"featured_media":0,"parent":0,"menu_order":0,"comment_status":"closed","ping_status":"closed","template":"","meta":{"footnotes":""},"class_list":["post-555","page","type-page","status-publish","hentry"],"aioseo_notices":[],"_links":{"self":[{"href":"https:\/\/secufersarl.ch\/de\/wp-json\/wp\/v2\/pages\/555","targetHints":{"allow":["GET"]}}],"collection":[{"href":"https:\/\/secufersarl.ch\/de\/wp-json\/wp\/v2\/pages"}],"about":[{"href":"https:\/\/secufersarl.ch\/de\/wp-json\/wp\/v2\/types\/page"}],"author":[{"embeddable":true,"href":"https:\/\/secufersarl.ch\/de\/wp-json\/wp\/v2\/users\/1"}],"replies":[{"embeddable":true,"href":"https:\/\/secufersarl.ch\/de\/wp-json\/wp\/v2\/comments?post=555"}],"version-history":[{"count":10,"href":"https:\/\/secufersarl.ch\/de\/wp-json\/wp\/v2\/pages\/555\/revisions"}],"predecessor-version":[{"id":765,"href":"https:\/\/secufersarl.ch\/de\/wp-json\/wp\/v2\/pages\/555\/revisions\/765"}],"wp:attachment":[{"href":"https:\/\/secufersarl.ch\/de\/wp-json\/wp\/v2\/media?parent=555"}],"curies":[{"name":"wp","href":"https:\/\/api.w.org\/{rel}","templated":true}]}}