{"id":557,"date":"2025-09-30T07:47:25","date_gmt":"2025-09-30T07:47:25","guid":{"rendered":"https:\/\/secufersarl.ch\/sicherheitskoordinator\/"},"modified":"2025-10-15T12:17:22","modified_gmt":"2025-10-15T12:17:22","slug":"sicherheitskoordinator","status":"publish","type":"page","link":"https:\/\/secufersarl.ch\/de\/sicherheitskoordinator\/","title":{"rendered":"Sicherheitskoordinator"},"content":{"rendered":"\t\t<div data-elementor-type=\"wp-page\" data-elementor-id=\"557\" class=\"elementor elementor-557 elementor-253\" data-elementor-post-type=\"page\">\n\t\t\t\t\t\t<section class=\"elementor-section elementor-top-section elementor-element elementor-element-c9ca4ca elementor-section-boxed elementor-section-height-default elementor-section-height-default\" data-id=\"c9ca4ca\" data-element_type=\"section\" data-e-type=\"section\" data-settings=\"{&quot;background_background&quot;:&quot;classic&quot;}\">\n\t\t\t\t\t\t\t<div class=\"elementor-background-overlay\"><\/div>\n\t\t\t\t\t\t\t<div class=\"elementor-container elementor-column-gap-default\">\n\t\t\t\t\t<div class=\"elementor-column elementor-col-50 elementor-top-column elementor-element elementor-element-ef6dad2\" data-id=\"ef6dad2\" data-element_type=\"column\" data-e-type=\"column\">\n\t\t\t<div class=\"elementor-widget-wrap elementor-element-populated\">\n\t\t\t\t\t\t<div class=\"elementor-element elementor-element-4290fec elementor-widget elementor-widget-heading\" data-id=\"4290fec\" data-element_type=\"widget\" data-e-type=\"widget\" data-widget_type=\"heading.default\">\n\t\t\t\t\t<h3 class=\"elementor-heading-title elementor-size-default\">Sicherheitskoordinator<\/h3>\t\t\t\t<\/div>\n\t\t\t\t<div class=\"elementor-element elementor-element-8fa3504 elementor-widget-divider--view-line elementor-widget elementor-widget-divider\" data-id=\"8fa3504\" data-element_type=\"widget\" data-e-type=\"widget\" data-widget_type=\"divider.default\">\n\t\t\t\t\t\t\t<div class=\"elementor-divider\">\n\t\t\t<span class=\"elementor-divider-separator\">\n\t\t\t\t\t\t<\/span>\n\t\t<\/div>\n\t\t\t\t\t\t<\/div>\n\t\t\t\t<div class=\"elementor-element elementor-element-b81376e elementor-widget elementor-widget-text-editor\" data-id=\"b81376e\" data-element_type=\"widget\" data-e-type=\"widget\" data-widget_type=\"text-editor.default\">\n\t\t\t\t\t\t\t\t\t<p class=\"p1\">Organisator und Garant der Koordination auf Ihren Eisenbahnbaustellen<\/p>\t\t\t\t\t\t\t\t<\/div>\n\t\t\t\t<div class=\"elementor-element elementor-element-274dee2 elementor-mobile-align-justify elementor-widget elementor-widget-button\" data-id=\"274dee2\" data-element_type=\"widget\" data-e-type=\"widget\" data-widget_type=\"button.default\">\n\t\t\t\t\t\t\t\t\t\t<a class=\"elementor-button elementor-button-link elementor-size-sm\" href=\"https:\/\/secufersarl.ch\/de\/kontaktieren-sie-uns\/\">\n\t\t\t\t\t\t<span class=\"elementor-button-content-wrapper\">\n\t\t\t\t\t\t\t\t\t<span class=\"elementor-button-text\">Fordern Sie ein kostenloses Angebot an<\/span>\n\t\t\t\t\t<\/span>\n\t\t\t\t\t<\/a>\n\t\t\t\t\t\t\t\t<\/div>\n\t\t\t\t\t<\/div>\n\t\t<\/div>\n\t\t\t\t<div class=\"elementor-column elementor-col-50 elementor-top-column elementor-element elementor-element-b9431c4\" data-id=\"b9431c4\" data-element_type=\"column\" data-e-type=\"column\">\n\t\t\t<div class=\"elementor-widget-wrap\">\n\t\t\t\t\t\t\t<\/div>\n\t\t<\/div>\n\t\t\t\t\t<\/div>\n\t\t<\/section>\n\t\t\t\t<section class=\"elementor-section elementor-top-section elementor-element elementor-element-bf9e629 elementor-section-boxed elementor-section-height-default elementor-section-height-default elementor-invisible\" data-id=\"bf9e629\" data-element_type=\"section\" data-e-type=\"section\" data-settings=\"{&quot;animation&quot;:&quot;fadeInUp&quot;}\">\n\t\t\t\t\t\t<div class=\"elementor-container elementor-column-gap-default\">\n\t\t\t\t\t<div class=\"elementor-column elementor-col-100 elementor-top-column elementor-element elementor-element-2946a3b\" data-id=\"2946a3b\" data-element_type=\"column\" data-e-type=\"column\">\n\t\t\t<div class=\"elementor-widget-wrap elementor-element-populated\">\n\t\t\t\t\t\t<div class=\"elementor-element elementor-element-19e9b31 elementor-widget elementor-widget-heading\" data-id=\"19e9b31\" data-element_type=\"widget\" data-e-type=\"widget\" data-widget_type=\"heading.default\">\n\t\t\t\t\t<h2 class=\"elementor-heading-title elementor-size-default\">Wozu dient ein Sicherheitskoordinator?<\/h2>\t\t\t\t<\/div>\n\t\t\t\t<div class=\"elementor-element elementor-element-27bd162 elementor-widget elementor-widget-text-editor\" data-id=\"27bd162\" data-element_type=\"widget\" data-e-type=\"widget\" data-widget_type=\"text-editor.default\">\n\t\t\t\t\t\t\t\t\t<p class=\"p1\">Der Sicherheitskoordinator sorgt f\u00fcr die Planung, Umsetzung und \u00dcberwachung der Sicherheitsma\u00dfnahmen auf Ihren Eisenbahnbaustellen. Er agiert wie ein echter Dirigent, der sicherstellt, dass alle Beteiligten die geltenden Standards einhalten. Seine Hauptaufgabe ist es, die Teams zu koordinieren, Risiken zu antizipieren und eine reibungslose Kommunikation zwischen dem Management, der SBB und den Beteiligten vor Ort zu gew\u00e4hrleisten.<\/p>\t\t\t\t\t\t\t\t<\/div>\n\t\t\t\t\t<\/div>\n\t\t<\/div>\n\t\t\t\t\t<\/div>\n\t\t<\/section>\n\t\t<div class=\"elementor-element elementor-element-5f3f4b2 e-flex e-con-boxed elementor-invisible e-con e-parent\" data-id=\"5f3f4b2\" data-element_type=\"container\" data-e-type=\"container\" data-settings=\"{&quot;animation&quot;:&quot;fadeIn&quot;}\">\n\t\t\t\t\t<div class=\"e-con-inner\">\n\t\t\t\t<div class=\"elementor-element elementor-element-0d22d37 elementor-widget elementor-widget-heading\" data-id=\"0d22d37\" data-element_type=\"widget\" data-e-type=\"widget\" data-widget_type=\"heading.default\">\n\t\t\t\t\t<h2 class=\"elementor-heading-title elementor-size-default\">Seine Kernkompetenzen<\/h2>\t\t\t\t<\/div>\n\t\t<div class=\"elementor-element elementor-element-4300442 e-con-full e-flex e-con e-child\" data-id=\"4300442\" data-element_type=\"container\" data-e-type=\"container\">\n\t\t<div class=\"elementor-element elementor-element-5165e03 e-con-full e-flex e-con e-child\" data-id=\"5165e03\" data-element_type=\"container\" data-e-type=\"container\" data-settings=\"{&quot;background_background&quot;:&quot;classic&quot;}\">\n\t\t\t\t<div class=\"elementor-element elementor-element-46803aa elementor-widget elementor-widget-heading\" data-id=\"46803aa\" data-element_type=\"widget\" data-e-type=\"widget\" data-widget_type=\"heading.default\">\n\t\t\t\t\t<h2 class=\"elementor-heading-title elementor-size-default\">Organisation<\/h2>\t\t\t\t<\/div>\n\t\t\t\t<div class=\"elementor-element elementor-element-7f2f8cd elementor-widget elementor-widget-text-editor\" data-id=\"7f2f8cd\" data-element_type=\"widget\" data-e-type=\"widget\" data-widget_type=\"text-editor.default\">\n\t\t\t\t\t\t\t\t\t<p>Planung von Sicherheitsma\u00dfnahmen und Koordination der beteiligten Akteure.<\/p>\t\t\t\t\t\t\t\t<\/div>\n\t\t\t\t<\/div>\n\t\t<div class=\"elementor-element elementor-element-bf87bd0 e-con-full e-flex e-con e-child\" data-id=\"bf87bd0\" data-element_type=\"container\" data-e-type=\"container\" data-settings=\"{&quot;background_background&quot;:&quot;classic&quot;}\">\n\t\t\t\t<div class=\"elementor-element elementor-element-0e1ac59 elementor-widget elementor-widget-heading\" data-id=\"0e1ac59\" data-element_type=\"widget\" data-e-type=\"widget\" data-widget_type=\"heading.default\">\n\t\t\t\t\t<h2 class=\"elementor-heading-title elementor-size-default\">Supervision<\/h2>\t\t\t\t<\/div>\n\t\t\t\t<div class=\"elementor-element elementor-element-81956c6 elementor-widget elementor-widget-text-editor\" data-id=\"81956c6\" data-element_type=\"widget\" data-e-type=\"widget\" data-widget_type=\"text-editor.default\">\n\t\t\t\t\t\t\t\t\t<p>Kontrolle vor Ort, um sicherzustellen, dass die Sicherheitsvorschriften und -verfahren eingehalten werden.<\/p>\t\t\t\t\t\t\t\t<\/div>\n\t\t\t\t<\/div>\n\t\t<div class=\"elementor-element elementor-element-1bac1d2 e-con-full e-flex e-con e-child\" data-id=\"1bac1d2\" data-element_type=\"container\" data-e-type=\"container\" data-settings=\"{&quot;background_background&quot;:&quot;classic&quot;}\">\n\t\t\t\t<div class=\"elementor-element elementor-element-a2afd47 elementor-widget elementor-widget-heading\" data-id=\"a2afd47\" data-element_type=\"widget\" data-e-type=\"widget\" data-widget_type=\"heading.default\">\n\t\t\t\t\t<h2 class=\"elementor-heading-title elementor-size-default\">Kommunikation\n<\/h2>\t\t\t\t<\/div>\n\t\t\t\t<div class=\"elementor-element elementor-element-8fa4486 elementor-widget elementor-widget-text-editor\" data-id=\"8fa4486\" data-element_type=\"widget\" data-e-type=\"widget\" data-widget_type=\"text-editor.default\">\n\t\t\t\t\t\t\t\t\t<p>Direkte Schnittstelle zwischen dem Bauherrn, den SBB und den ausf\u00fchrenden Teams.<\/p>\t\t\t\t\t\t\t\t<\/div>\n\t\t\t\t<\/div>\n\t\t<div class=\"elementor-element elementor-element-6019589 e-con-full e-flex e-con e-child\" data-id=\"6019589\" data-element_type=\"container\" data-e-type=\"container\" data-settings=\"{&quot;background_background&quot;:&quot;classic&quot;}\">\n\t\t\t\t<div class=\"elementor-element elementor-element-1b9d4fe elementor-widget elementor-widget-heading\" data-id=\"1b9d4fe\" data-element_type=\"widget\" data-e-type=\"widget\" data-widget_type=\"heading.default\">\n\t\t\t\t\t<h2 class=\"elementor-heading-title elementor-size-default\">Berichterstattung<\/h2>\t\t\t\t<\/div>\n\t\t\t\t<div class=\"elementor-element elementor-element-704e541 elementor-widget elementor-widget-text-editor\" data-id=\"704e541\" data-element_type=\"widget\" data-e-type=\"widget\" data-widget_type=\"text-editor.default\">\n\t\t\t\t\t\t\t\t\t<p>Administrative \u00dcberwachung und Erstellung von Berichten, um jede Intervention zu dokumentieren.<\/p>\t\t\t\t\t\t\t\t<\/div>\n\t\t\t\t<\/div>\n\t\t\t\t<\/div>\n\t\t\t\t\t<\/div>\n\t\t\t\t<\/div>\n\t\t<div class=\"elementor-element elementor-element-0ab538d e-flex e-con-boxed e-con e-parent\" data-id=\"0ab538d\" data-element_type=\"container\" data-e-type=\"container\">\n\t\t\t\t\t<div class=\"e-con-inner\">\n\t\t<div class=\"elementor-element elementor-element-4fc0bc3 e-con-full e-flex elementor-invisible e-con e-child\" data-id=\"4fc0bc3\" data-element_type=\"container\" data-e-type=\"container\" data-settings=\"{&quot;animation&quot;:&quot;fadeInLeft&quot;}\">\n\t\t\t\t<div class=\"elementor-element elementor-element-d259632 elementor-widget elementor-widget-image\" data-id=\"d259632\" data-element_type=\"widget\" data-e-type=\"widget\" data-widget_type=\"image.default\">\n\t\t\t\t\t\t\t\t\t\t\t\t\t\t\t<img fetchpriority=\"high\" decoding=\"async\" width=\"800\" height=\"800\" src=\"https:\/\/secufersarl.ch\/wp-content\/uploads\/2025\/10\/pexels-tomfisk-13649473-1024x1024.jpg\" class=\"attachment-large size-large wp-image-607\" alt=\"\" srcset=\"https:\/\/secufersarl.ch\/wp-content\/uploads\/2025\/10\/pexels-tomfisk-13649473-1024x1024.jpg 1024w, https:\/\/secufersarl.ch\/wp-content\/uploads\/2025\/10\/pexels-tomfisk-13649473-300x300.jpg 300w, https:\/\/secufersarl.ch\/wp-content\/uploads\/2025\/10\/pexels-tomfisk-13649473-150x150.jpg 150w, https:\/\/secufersarl.ch\/wp-content\/uploads\/2025\/10\/pexels-tomfisk-13649473-768x768.jpg 768w, https:\/\/secufersarl.ch\/wp-content\/uploads\/2025\/10\/pexels-tomfisk-13649473-1536x1536.jpg 1536w, https:\/\/secufersarl.ch\/wp-content\/uploads\/2025\/10\/pexels-tomfisk-13649473-2048x2048.jpg 2048w\" sizes=\"(max-width: 800px) 100vw, 800px\" \/>\t\t\t\t\t\t\t\t\t\t\t\t\t\t\t<\/div>\n\t\t\t\t<\/div>\n\t\t<div class=\"elementor-element elementor-element-d540ac9 e-con-full e-flex elementor-invisible e-con e-child\" data-id=\"d540ac9\" data-element_type=\"container\" data-e-type=\"container\" data-settings=\"{&quot;animation&quot;:&quot;fadeInRight&quot;}\">\n\t\t\t\t<div class=\"elementor-element elementor-element-0c72a01 elementor-widget elementor-widget-heading\" data-id=\"0c72a01\" data-element_type=\"widget\" data-e-type=\"widget\" data-widget_type=\"heading.default\">\n\t\t\t\t\t<h2 class=\"elementor-heading-title elementor-size-default\">Unsere St\u00e4rken und Garantien<\/h2>\t\t\t\t<\/div>\n\t\t\t\t<div class=\"elementor-element elementor-element-cf67a22 elementor-widget elementor-widget-heading\" data-id=\"cf67a22\" data-element_type=\"widget\" data-e-type=\"widget\" data-widget_type=\"heading.default\">\n\t\t\t\t\t<h2 class=\"elementor-heading-title elementor-size-default\">Warum Sie uns w\u00e4hlen sollten<\/h2>\t\t\t\t<\/div>\n\t\t\t\t<div class=\"elementor-element elementor-element-524f992 elementor-widget elementor-widget-text-editor\" data-id=\"524f992\" data-element_type=\"widget\" data-e-type=\"widget\" data-widget_type=\"text-editor.default\">\n\t\t\t\t\t\t\t\t\t<ul><li><p class=\"p1\">Zertifizierte Experten von SBB und SUVA<\/p><\/li><li><p class=\"p1\">Reaktives Team, das 24\/7 verf\u00fcgbar ist<\/p><\/li><li><p class=\"p1\">Interventionen in der gesamten Schweiz<\/p><\/li><li><p class=\"p1\">Kein Outsourcing: ein direkter und zuverl\u00e4ssiger Partner<\/p><\/li><\/ul>\t\t\t\t\t\t\t\t<\/div>\n\t\t\t\t<\/div>\n\t\t\t\t\t<\/div>\n\t\t\t\t<\/div>\n\t\t<div class=\"elementor-element elementor-element-2219844 e-flex e-con-boxed e-con e-parent\" data-id=\"2219844\" data-element_type=\"container\" data-e-type=\"container\" data-settings=\"{&quot;background_background&quot;:&quot;classic&quot;}\">\n\t\t\t\t\t<div class=\"e-con-inner\">\n\t\t\t\t<div class=\"elementor-element elementor-element-539fdc4 elementor-widget elementor-widget-heading\" data-id=\"539fdc4\" data-element_type=\"widget\" data-e-type=\"widget\" data-widget_type=\"heading.default\">\n\t\t\t\t\t<h2 class=\"elementor-heading-title elementor-size-default\">Sichern Sie Ihre Baustellen schon heute ab\n<\/h2>\t\t\t\t<\/div>\n\t\t\t\t<div class=\"elementor-element elementor-element-fce4131 elementor-widget elementor-widget-text-editor\" data-id=\"fce4131\" data-element_type=\"widget\" data-e-type=\"widget\" data-widget_type=\"text-editor.default\">\n\t\t\t\t\t\t\t\t\t<p class=\"p1\">Sie suchen einen zuverl\u00e4ssigen Sicherheitskoordinator f\u00fcr Ihre Eisenbahnprojekte?<br>Kontaktieren Sie uns und profitieren Sie von zertifiziertem Fachwissen in der ganzen Schweiz.<\/p>\t\t\t\t\t\t\t\t<\/div>\n\t\t\t\t<div class=\"elementor-element elementor-element-3d6da32 elementor-align-center elementor-widget elementor-widget-button\" data-id=\"3d6da32\" data-element_type=\"widget\" data-e-type=\"widget\" data-widget_type=\"button.default\">\n\t\t\t\t\t\t\t\t\t\t<a class=\"elementor-button elementor-button-link elementor-size-sm\" href=\"#\">\n\t\t\t\t\t\t<span class=\"elementor-button-content-wrapper\">\n\t\t\t\t\t\t\t\t\t<span class=\"elementor-button-text\">Kontaktieren Sie uns<\/span>\n\t\t\t\t\t<\/span>\n\t\t\t\t\t<\/a>\n\t\t\t\t\t\t\t\t<\/div>\n\t\t\t\t\t<\/div>\n\t\t\t\t<\/div>\n\t\t\t\t<\/div>\n\t\t","protected":false},"excerpt":{"rendered":"<p>Sicherheitskoordinator Organisator und Garant der Koordination auf Ihren Eisenbahnbaustellen Fordern Sie ein kostenloses Angebot an Wozu dient ein Sicherheitskoordinator? Der Sicherheitskoordinator sorgt f\u00fcr die Planung, Umsetzung und \u00dcberwachung der Sicherheitsma\u00dfnahmen auf Ihren Eisenbahnbaustellen. Er agiert wie ein echter Dirigent, der sicherstellt, dass alle Beteiligten die geltenden Standards einhalten. Seine Hauptaufgabe ist es, die Teams zu [&hellip;]<\/p>\n","protected":false},"author":1,"featured_media":0,"parent":0,"menu_order":0,"comment_status":"closed","ping_status":"closed","template":"","meta":{"footnotes":""},"class_list":["post-557","page","type-page","status-publish","hentry"],"aioseo_notices":[],"_links":{"self":[{"href":"https:\/\/secufersarl.ch\/de\/wp-json\/wp\/v2\/pages\/557","targetHints":{"allow":["GET"]}}],"collection":[{"href":"https:\/\/secufersarl.ch\/de\/wp-json\/wp\/v2\/pages"}],"about":[{"href":"https:\/\/secufersarl.ch\/de\/wp-json\/wp\/v2\/types\/page"}],"author":[{"embeddable":true,"href":"https:\/\/secufersarl.ch\/de\/wp-json\/wp\/v2\/users\/1"}],"replies":[{"embeddable":true,"href":"https:\/\/secufersarl.ch\/de\/wp-json\/wp\/v2\/comments?post=557"}],"version-history":[{"count":10,"href":"https:\/\/secufersarl.ch\/de\/wp-json\/wp\/v2\/pages\/557\/revisions"}],"predecessor-version":[{"id":757,"href":"https:\/\/secufersarl.ch\/de\/wp-json\/wp\/v2\/pages\/557\/revisions\/757"}],"wp:attachment":[{"href":"https:\/\/secufersarl.ch\/de\/wp-json\/wp\/v2\/media?parent=557"}],"curies":[{"name":"wp","href":"https:\/\/api.w.org\/{rel}","templated":true}]}}