{"id":559,"date":"2025-09-30T07:47:33","date_gmt":"2025-09-30T07:47:33","guid":{"rendered":"https:\/\/secufersarl.ch\/cvm-mitarbeiter-fuer-sicherheitsmassnahmen\/"},"modified":"2025-10-15T12:17:37","modified_gmt":"2025-10-15T12:17:37","slug":"cvm-mitarbeiter-fuer-sicherheitsmassnahmen","status":"publish","type":"page","link":"https:\/\/secufersarl.ch\/de\/cvm-mitarbeiter-fuer-sicherheitsmassnahmen\/","title":{"rendered":"CVM (Mitarbeiter f\u00fcr Sicherheitsma\u00dfnahmen)"},"content":{"rendered":"\t\t<div data-elementor-type=\"wp-page\" data-elementor-id=\"559\" class=\"elementor elementor-559 elementor-255\" data-elementor-post-type=\"page\">\n\t\t\t\t\t\t<section class=\"elementor-section elementor-top-section elementor-element elementor-element-eb58bb2 elementor-section-boxed elementor-section-height-default elementor-section-height-default\" data-id=\"eb58bb2\" data-element_type=\"section\" data-e-type=\"section\" data-settings=\"{&quot;background_background&quot;:&quot;classic&quot;}\">\n\t\t\t\t\t\t\t<div class=\"elementor-background-overlay\"><\/div>\n\t\t\t\t\t\t\t<div class=\"elementor-container elementor-column-gap-default\">\n\t\t\t\t\t<div class=\"elementor-column elementor-col-50 elementor-top-column elementor-element elementor-element-10702ff\" data-id=\"10702ff\" data-element_type=\"column\" data-e-type=\"column\">\n\t\t\t<div class=\"elementor-widget-wrap elementor-element-populated\">\n\t\t\t\t\t\t<div class=\"elementor-element elementor-element-0ffbd9e elementor-widget elementor-widget-heading\" data-id=\"0ffbd9e\" data-element_type=\"widget\" data-e-type=\"widget\" data-widget_type=\"heading.default\">\n\t\t\t\t\t<h3 class=\"elementor-heading-title elementor-size-default\">Mitarbeiter f\u00fcr Sicherheitsma\u00dfnahmen (CVM)<\/h3>\t\t\t\t<\/div>\n\t\t\t\t<div class=\"elementor-element elementor-element-e363dbf elementor-widget-divider--view-line elementor-widget elementor-widget-divider\" data-id=\"e363dbf\" data-element_type=\"widget\" data-e-type=\"widget\" data-widget_type=\"divider.default\">\n\t\t\t\t\t\t\t<div class=\"elementor-divider\">\n\t\t\t<span class=\"elementor-divider-separator\">\n\t\t\t\t\t\t<\/span>\n\t\t<\/div>\n\t\t\t\t\t\t<\/div>\n\t\t\t\t<div class=\"elementor-element elementor-element-b0d804b elementor-widget elementor-widget-text-editor\" data-id=\"b0d804b\" data-element_type=\"widget\" data-e-type=\"widget\" data-widget_type=\"text-editor.default\">\n\t\t\t\t\t\t\t\t\t<p class=\"p1\">Ein wichtiger Akteur bei der Umsetzung und Einhaltung von Sicherheitsvorkehrungen<\/p>\t\t\t\t\t\t\t\t<\/div>\n\t\t\t\t<div class=\"elementor-element elementor-element-2a6388f elementor-mobile-align-justify elementor-widget elementor-widget-button\" data-id=\"2a6388f\" data-element_type=\"widget\" data-e-type=\"widget\" data-widget_type=\"button.default\">\n\t\t\t\t\t\t\t\t\t\t<a class=\"elementor-button elementor-button-link elementor-size-sm\" href=\"https:\/\/secufersarl.ch\/de\/kontaktieren-sie-uns\/\">\n\t\t\t\t\t\t<span class=\"elementor-button-content-wrapper\">\n\t\t\t\t\t\t\t\t\t<span class=\"elementor-button-text\">Fordern Sie ein kostenloses Angebot an<\/span>\n\t\t\t\t\t<\/span>\n\t\t\t\t\t<\/a>\n\t\t\t\t\t\t\t\t<\/div>\n\t\t\t\t\t<\/div>\n\t\t<\/div>\n\t\t\t\t<div class=\"elementor-column elementor-col-50 elementor-top-column elementor-element elementor-element-5d36798\" data-id=\"5d36798\" data-element_type=\"column\" data-e-type=\"column\">\n\t\t\t<div class=\"elementor-widget-wrap\">\n\t\t\t\t\t\t\t<\/div>\n\t\t<\/div>\n\t\t\t\t\t<\/div>\n\t\t<\/section>\n\t\t\t\t<section class=\"elementor-section elementor-top-section elementor-element elementor-element-32466f5 elementor-section-boxed elementor-section-height-default elementor-section-height-default elementor-invisible\" data-id=\"32466f5\" data-element_type=\"section\" data-e-type=\"section\" data-settings=\"{&quot;animation&quot;:&quot;fadeInUp&quot;}\">\n\t\t\t\t\t\t<div class=\"elementor-container elementor-column-gap-default\">\n\t\t\t\t\t<div class=\"elementor-column elementor-col-100 elementor-top-column elementor-element elementor-element-648c132\" data-id=\"648c132\" data-element_type=\"column\" data-e-type=\"column\">\n\t\t\t<div class=\"elementor-widget-wrap elementor-element-populated\">\n\t\t\t\t\t\t<div class=\"elementor-element elementor-element-98598b9 elementor-widget elementor-widget-heading\" data-id=\"98598b9\" data-element_type=\"widget\" data-e-type=\"widget\" data-widget_type=\"heading.default\">\n\t\t\t\t\t<h2 class=\"elementor-heading-title elementor-size-default\">Wozu dient ein Sicherheitsmitarbeiter?<\/h2>\t\t\t\t<\/div>\n\t\t\t\t<div class=\"elementor-element elementor-element-e1f6c23 elementor-widget elementor-widget-text-editor\" data-id=\"e1f6c23\" data-element_type=\"widget\" data-e-type=\"widget\" data-widget_type=\"text-editor.default\">\n\t\t\t\t\t\t\t\t\t<p class=\"p1\">Der Mitarbeiter f\u00fcr Sicherheitsma\u00dfnahmen (CVM) ist f\u00fcr die Anwendung und \u00dcberwachung der Eisenbahnsicherheitsvorkehrungen vor Ort verantwortlich. Unter der Aufsicht des Sicherheitsbeauftragten oder des Koordinators sorgt er daf\u00fcr, dass alle Regeln eingehalten werden und die Eins\u00e4tze in einem sicheren Rahmen stattfinden. Seine Anwesenheit gew\u00e4hrleistet den reibungslosen Ablauf der Arbeiten in \u00dcbereinstimmung mit den SBB- und SUVA-Normen.<\/p>\t\t\t\t\t\t\t\t<\/div>\n\t\t\t\t\t<\/div>\n\t\t<\/div>\n\t\t\t\t\t<\/div>\n\t\t<\/section>\n\t\t<div class=\"elementor-element elementor-element-c57221c e-flex e-con-boxed elementor-invisible e-con e-parent\" data-id=\"c57221c\" data-element_type=\"container\" data-e-type=\"container\" data-settings=\"{&quot;animation&quot;:&quot;fadeIn&quot;}\">\n\t\t\t\t\t<div class=\"e-con-inner\">\n\t\t\t\t<div class=\"elementor-element elementor-element-27a2504 elementor-widget elementor-widget-heading\" data-id=\"27a2504\" data-element_type=\"widget\" data-e-type=\"widget\" data-widget_type=\"heading.default\">\n\t\t\t\t\t<h2 class=\"elementor-heading-title elementor-size-default\">Seine Kernkompetenzen<\/h2>\t\t\t\t<\/div>\n\t\t<div class=\"elementor-element elementor-element-21a2318 e-con-full e-flex e-con e-child\" data-id=\"21a2318\" data-element_type=\"container\" data-e-type=\"container\">\n\t\t<div class=\"elementor-element elementor-element-9642532 e-con-full e-flex e-con e-child\" data-id=\"9642532\" data-element_type=\"container\" data-e-type=\"container\" data-settings=\"{&quot;background_background&quot;:&quot;classic&quot;}\">\n\t\t\t\t<div class=\"elementor-element elementor-element-06506f6 elementor-widget elementor-widget-heading\" data-id=\"06506f6\" data-element_type=\"widget\" data-e-type=\"widget\" data-widget_type=\"heading.default\">\n\t\t\t\t\t<h2 class=\"elementor-heading-title elementor-size-default\">Anwendung der Regeln<\/h2>\t\t\t\t<\/div>\n\t\t\t\t<div class=\"elementor-element elementor-element-d0800c8 elementor-widget elementor-widget-text-editor\" data-id=\"d0800c8\" data-element_type=\"widget\" data-e-type=\"widget\" data-widget_type=\"text-editor.default\">\n\t\t\t\t\t\t\t\t\t<p>Umsetzung und Einhaltung von Sicherheitsverfahren unter allen Umst\u00e4nden.<\/p>\t\t\t\t\t\t\t\t<\/div>\n\t\t\t\t<\/div>\n\t\t<div class=\"elementor-element elementor-element-e083086 e-con-full e-flex e-con e-child\" data-id=\"e083086\" data-element_type=\"container\" data-e-type=\"container\" data-settings=\"{&quot;background_background&quot;:&quot;classic&quot;}\">\n\t\t\t\t<div class=\"elementor-element elementor-element-550070c elementor-widget elementor-widget-heading\" data-id=\"550070c\" data-element_type=\"widget\" data-e-type=\"widget\" data-widget_type=\"heading.default\">\n\t\t\t\t\t<h2 class=\"elementor-heading-title elementor-size-default\">Kontrolle des Grundst\u00fccks<\/h2>\t\t\t\t<\/div>\n\t\t\t\t<div class=\"elementor-element elementor-element-a8525c3 elementor-widget elementor-widget-text-editor\" data-id=\"a8525c3\" data-element_type=\"widget\" data-e-type=\"widget\" data-widget_type=\"text-editor.default\">\n\t\t\t\t\t\t\t\t\t<p>\u00dcberpr\u00fcfung und Validierung der installierten Sicherheitsvorkehrungen.<\/p>\t\t\t\t\t\t\t\t<\/div>\n\t\t\t\t<\/div>\n\t\t<div class=\"elementor-element elementor-element-7f69170 e-con-full e-flex e-con e-child\" data-id=\"7f69170\" data-element_type=\"container\" data-e-type=\"container\" data-settings=\"{&quot;background_background&quot;:&quot;classic&quot;}\">\n\t\t\t\t<div class=\"elementor-element elementor-element-d5e0d60 elementor-widget elementor-widget-heading\" data-id=\"d5e0d60\" data-element_type=\"widget\" data-e-type=\"widget\" data-widget_type=\"heading.default\">\n\t\t\t\t\t<h2 class=\"elementor-heading-title elementor-size-default\">Begleitung<\/h2>\t\t\t\t<\/div>\n\t\t\t\t<div class=\"elementor-element elementor-element-1be5616 elementor-widget elementor-widget-text-editor\" data-id=\"1be5616\" data-element_type=\"widget\" data-e-type=\"widget\" data-widget_type=\"text-editor.default\">\n\t\t\t\t\t\t\t\t\t<p>Unterst\u00fctzung der Sicherheitsbeauftragten und Koordinatoren bei ihren t\u00e4glichen Aufgaben.<\/p>\t\t\t\t\t\t\t\t<\/div>\n\t\t\t\t<\/div>\n\t\t<div class=\"elementor-element elementor-element-533ba73 e-con-full e-flex e-con e-child\" data-id=\"533ba73\" data-element_type=\"container\" data-e-type=\"container\" data-settings=\"{&quot;background_background&quot;:&quot;classic&quot;}\">\n\t\t\t\t<div class=\"elementor-element elementor-element-6c7f5c4 elementor-widget elementor-widget-heading\" data-id=\"6c7f5c4\" data-element_type=\"widget\" data-e-type=\"widget\" data-widget_type=\"heading.default\">\n\t\t\t\t\t<h2 class=\"elementor-heading-title elementor-size-default\">Dokumentation<\/h2>\t\t\t\t<\/div>\n\t\t\t\t<div class=\"elementor-element elementor-element-4d10f4e elementor-widget elementor-widget-text-editor\" data-id=\"4d10f4e\" data-element_type=\"widget\" data-e-type=\"widget\" data-widget_type=\"text-editor.default\">\n\t\t\t\t\t\t\t\t\t<p>Befolgung von Genehmigungen, Anweisungen und Nachvollziehbarkeit der Interventionen.<\/p>\t\t\t\t\t\t\t\t<\/div>\n\t\t\t\t<\/div>\n\t\t\t\t<\/div>\n\t\t\t\t\t<\/div>\n\t\t\t\t<\/div>\n\t\t<div class=\"elementor-element elementor-element-b039745 e-flex e-con-boxed e-con e-parent\" data-id=\"b039745\" data-element_type=\"container\" data-e-type=\"container\">\n\t\t\t\t\t<div class=\"e-con-inner\">\n\t\t<div class=\"elementor-element elementor-element-3a76054 e-con-full e-flex elementor-invisible e-con e-child\" data-id=\"3a76054\" data-element_type=\"container\" data-e-type=\"container\" data-settings=\"{&quot;animation&quot;:&quot;fadeInLeft&quot;}\">\n\t\t\t\t<div class=\"elementor-element elementor-element-98c0002 elementor-widget elementor-widget-image\" data-id=\"98c0002\" data-element_type=\"widget\" data-e-type=\"widget\" data-widget_type=\"image.default\">\n\t\t\t\t\t\t\t\t\t\t\t\t\t\t\t<img fetchpriority=\"high\" decoding=\"async\" width=\"800\" height=\"591\" src=\"https:\/\/secufersarl.ch\/wp-content\/uploads\/2025\/10\/pexels-rossana-pasian-2156351804-34247086-scaled-e1760369769561-1024x757.jpg\" class=\"attachment-large size-large wp-image-613\" alt=\"\" srcset=\"https:\/\/secufersarl.ch\/wp-content\/uploads\/2025\/10\/pexels-rossana-pasian-2156351804-34247086-scaled-e1760369769561-1024x757.jpg 1024w, https:\/\/secufersarl.ch\/wp-content\/uploads\/2025\/10\/pexels-rossana-pasian-2156351804-34247086-scaled-e1760369769561-300x222.jpg 300w, https:\/\/secufersarl.ch\/wp-content\/uploads\/2025\/10\/pexels-rossana-pasian-2156351804-34247086-scaled-e1760369769561-768x568.jpg 768w, https:\/\/secufersarl.ch\/wp-content\/uploads\/2025\/10\/pexels-rossana-pasian-2156351804-34247086-scaled-e1760369769561-1536x1136.jpg 1536w\" sizes=\"(max-width: 800px) 100vw, 800px\" \/>\t\t\t\t\t\t\t\t\t\t\t\t\t\t\t<\/div>\n\t\t\t\t<\/div>\n\t\t<div class=\"elementor-element elementor-element-87a0704 e-con-full e-flex elementor-invisible e-con e-child\" data-id=\"87a0704\" data-element_type=\"container\" data-e-type=\"container\" data-settings=\"{&quot;animation&quot;:&quot;fadeInRight&quot;}\">\n\t\t\t\t<div class=\"elementor-element elementor-element-1becde0 elementor-widget elementor-widget-heading\" data-id=\"1becde0\" data-element_type=\"widget\" data-e-type=\"widget\" data-widget_type=\"heading.default\">\n\t\t\t\t\t<h2 class=\"elementor-heading-title elementor-size-default\">Unsere St\u00e4rken und Garantien<\/h2>\t\t\t\t<\/div>\n\t\t\t\t<div class=\"elementor-element elementor-element-eeee66e elementor-widget elementor-widget-heading\" data-id=\"eeee66e\" data-element_type=\"widget\" data-e-type=\"widget\" data-widget_type=\"heading.default\">\n\t\t\t\t\t<h2 class=\"elementor-heading-title elementor-size-default\">Warum Sie uns w\u00e4hlen sollten<\/h2>\t\t\t\t<\/div>\n\t\t\t\t<div class=\"elementor-element elementor-element-d849bc5 elementor-widget elementor-widget-text-editor\" data-id=\"d849bc5\" data-element_type=\"widget\" data-e-type=\"widget\" data-widget_type=\"text-editor.default\">\n\t\t\t\t\t\t\t\t\t<ul><li><p class=\"p1\">Zertifizierte Experten von SBB und SUVA<\/p><\/li><li><p class=\"p1\">Reaktives Team, das 24\/7 verf\u00fcgbar ist<\/p><\/li><li><p class=\"p1\">Interventionen in der gesamten Schweiz<\/p><\/li><li><p class=\"p1\">Kein Outsourcing: ein direkter und zuverl\u00e4ssiger Partner<\/p><\/li><\/ul>\t\t\t\t\t\t\t\t<\/div>\n\t\t\t\t<\/div>\n\t\t\t\t\t<\/div>\n\t\t\t\t<\/div>\n\t\t<div class=\"elementor-element elementor-element-6b38f82 e-flex e-con-boxed e-con e-parent\" data-id=\"6b38f82\" data-element_type=\"container\" data-e-type=\"container\" data-settings=\"{&quot;background_background&quot;:&quot;classic&quot;}\">\n\t\t\t\t\t<div class=\"e-con-inner\">\n\t\t\t\t<div class=\"elementor-element elementor-element-054c18b elementor-widget elementor-widget-heading\" data-id=\"054c18b\" data-element_type=\"widget\" data-e-type=\"widget\" data-widget_type=\"heading.default\">\n\t\t\t\t\t<h2 class=\"elementor-heading-title elementor-size-default\">Sichern Sie Ihre Baustellen schon heute ab\n<\/h2>\t\t\t\t<\/div>\n\t\t\t\t<div class=\"elementor-element elementor-element-b44183b elementor-widget elementor-widget-text-editor\" data-id=\"b44183b\" data-element_type=\"widget\" data-e-type=\"widget\" data-widget_type=\"text-editor.default\">\n\t\t\t\t\t\t\t\t\t<p class=\"p1\">Sie suchen einen zuverl\u00e4ssigen Sicherheitsmitarbeiter f\u00fcr Ihre Eisenbahnprojekte?<br>Kontaktieren Sie uns und profitieren Sie von zertifiziertem Fachwissen in der ganzen Schweiz.<\/p>\t\t\t\t\t\t\t\t<\/div>\n\t\t\t\t<div class=\"elementor-element elementor-element-529dcdc elementor-align-center elementor-widget elementor-widget-button\" data-id=\"529dcdc\" data-element_type=\"widget\" data-e-type=\"widget\" data-widget_type=\"button.default\">\n\t\t\t\t\t\t\t\t\t\t<a class=\"elementor-button elementor-button-link elementor-size-sm\" href=\"#\">\n\t\t\t\t\t\t<span class=\"elementor-button-content-wrapper\">\n\t\t\t\t\t\t\t\t\t<span class=\"elementor-button-text\">Kontaktieren Sie uns<\/span>\n\t\t\t\t\t<\/span>\n\t\t\t\t\t<\/a>\n\t\t\t\t\t\t\t\t<\/div>\n\t\t\t\t\t<\/div>\n\t\t\t\t<\/div>\n\t\t\t\t<\/div>\n\t\t","protected":false},"excerpt":{"rendered":"<p>Mitarbeiter f\u00fcr Sicherheitsma\u00dfnahmen (CVM) Ein wichtiger Akteur bei der Umsetzung und Einhaltung von Sicherheitsvorkehrungen Fordern Sie ein kostenloses Angebot an Wozu dient ein Sicherheitsmitarbeiter? Der Mitarbeiter f\u00fcr Sicherheitsma\u00dfnahmen (CVM) ist f\u00fcr die Anwendung und \u00dcberwachung der Eisenbahnsicherheitsvorkehrungen vor Ort verantwortlich. Unter der Aufsicht des Sicherheitsbeauftragten oder des Koordinators sorgt er daf\u00fcr, dass alle Regeln eingehalten [&hellip;]<\/p>\n","protected":false},"author":1,"featured_media":0,"parent":0,"menu_order":0,"comment_status":"closed","ping_status":"closed","template":"","meta":{"footnotes":""},"class_list":["post-559","page","type-page","status-publish","hentry"],"aioseo_notices":[],"_links":{"self":[{"href":"https:\/\/secufersarl.ch\/de\/wp-json\/wp\/v2\/pages\/559","targetHints":{"allow":["GET"]}}],"collection":[{"href":"https:\/\/secufersarl.ch\/de\/wp-json\/wp\/v2\/pages"}],"about":[{"href":"https:\/\/secufersarl.ch\/de\/wp-json\/wp\/v2\/types\/page"}],"author":[{"embeddable":true,"href":"https:\/\/secufersarl.ch\/de\/wp-json\/wp\/v2\/users\/1"}],"replies":[{"embeddable":true,"href":"https:\/\/secufersarl.ch\/de\/wp-json\/wp\/v2\/comments?post=559"}],"version-history":[{"count":10,"href":"https:\/\/secufersarl.ch\/de\/wp-json\/wp\/v2\/pages\/559\/revisions"}],"predecessor-version":[{"id":761,"href":"https:\/\/secufersarl.ch\/de\/wp-json\/wp\/v2\/pages\/559\/revisions\/761"}],"wp:attachment":[{"href":"https:\/\/secufersarl.ch\/de\/wp-json\/wp\/v2\/media?parent=559"}],"curies":[{"name":"wp","href":"https:\/\/api.w.org\/{rel}","templated":true}]}}